{"id":1122,"date":"2025-03-03T10:51:00","date_gmt":"2025-03-03T10:51:00","guid":{"rendered":"https:\/\/azurpavillon.com\/bewertungen\/"},"modified":"2025-03-26T10:57:17","modified_gmt":"2025-03-26T10:57:17","slug":"bewertungen","status":"publish","type":"page","link":"https:\/\/azurpavillon.com\/de\/bewertungen\/","title":{"rendered":"Bewertungen"},"content":{"rendered":"\t\t<div data-elementor-type=\"wp-page\" data-elementor-id=\"1122\" class=\"elementor elementor-1122 elementor-874\">\n\t\t\t\t<div class=\"elementor-element elementor-element-2b2fd80 e-con-full e-flex e-con e-parent\" data-id=\"2b2fd80\" data-element_type=\"container\" data-e-type=\"container\">\n\t\t\t\t<div class=\"elementor-element elementor-element-867e644 elementor-widget elementor-widget-text-editor\" data-id=\"867e644\" data-element_type=\"widget\" data-e-type=\"widget\" data-widget_type=\"text-editor.default\">\n\t\t\t\t<div class=\"elementor-widget-container\">\n\t\t\t\t\t\t\t\t\t<p class=\"p3\">Wir wissen, dass Bewertungen wichtig sind.<\/p>\n<p class=\"p3\">Auf dieser 2025 erneuerten Website von Azur Pavillon werden Sie feststellen, dass viele unserer Unterk\u00fcnfte noch keine Bewertung haben. Das hat damit zu tun, dass wir erst vor kurzem die M\u00f6glichkeit geschaffen haben, eine Bewertung zu hinterlassen. <\/p>\n<p class=\"p3\">Obwohl wir die meisten unserer registrierten Unterk\u00fcnfte schon seit mehreren Jahren vermieten, einige sogar schon seit wir 2010 an der C\u00f4te d&#8217;Azur angefangen haben, wollten wir unsere G\u00e4ste zun\u00e4chst nicht damit bel\u00e4stigen, danach zu fragen&#8230;.<\/p>\n<p class=\"p3\">Heutzutage m\u00f6chten immer mehr potenzielle Mieter \u00fcber die Erfahrungen fr\u00fcherer G\u00e4ste lesen. Deshalb haben wir beschlossen, diese Funktion in unsere neue Website aufzunehmen.<\/p>\n<p class=\"p3\">D\u00fcrfen wir Sie bitten, sich w\u00e4hrend oder nach Ihrem Aufenthalt ein paar Minuten Zeit zu nehmen, um eine Bewertung \u00fcber die Unterkunft, in der Sie untergebracht sind, zu hinterlassen? Auf diese Weise erhalten unsere n\u00e4chsten G\u00e4ste einen guten Eindruck davon, was sie erwartet! <\/p>\n<p class=\"p3\">Wir sind offen f\u00fcr Ihre Vorschl\u00e4ge und wir alle lernen von Ihren Erfahrungen!<\/p>\n<p class=\"p1\">Ich danke Ihnen im Voraus.<\/p>\n<p class=\"p1\">Paul &amp; Astrid Segaar<\/p>\n<p class=\"p1\">info@azurpavillon.com<\/p>\n\t\t\t\t\t\t\t\t<\/div>\n\t\t\t\t<\/div>\n\t\t\t\t<\/div>\n\t\t\t\t<\/div>\n\t\t","protected":false},"excerpt":{"rendered":"<p>Wir wissen, dass Bewertungen wichtig sind. Auf dieser 2025 erneuerten Website von Azur Pavillon werden Sie feststellen, dass viele unserer Unterk\u00fcnfte noch keine Bewertung haben. Das hat damit zu tun, dass wir erst vor kurzem die M\u00f6glichkeit geschaffen haben, eine Bewertung zu hinterlassen. Obwohl wir die meisten unserer registrierten Unterk\u00fcnfte schon seit mehreren Jahren vermieten, [&hellip;]<\/p>\n","protected":false},"author":1,"featured_media":1277,"parent":0,"menu_order":0,"comment_status":"closed","ping_status":"closed","template":"","meta":{"_acf_changed":false,"footnotes":""},"class_list":["post-1122","page","type-page","status-publish","has-post-thumbnail","hentry","entry"],"acf":[],"_links":{"self":[{"href":"https:\/\/azurpavillon.com\/de\/wp-json\/wp\/v2\/pages\/1122","targetHints":{"allow":["GET"]}}],"collection":[{"href":"https:\/\/azurpavillon.com\/de\/wp-json\/wp\/v2\/pages"}],"about":[{"href":"https:\/\/azurpavillon.com\/de\/wp-json\/wp\/v2\/types\/page"}],"author":[{"embeddable":true,"href":"https:\/\/azurpavillon.com\/de\/wp-json\/wp\/v2\/users\/1"}],"replies":[{"embeddable":true,"href":"https:\/\/azurpavillon.com\/de\/wp-json\/wp\/v2\/comments?post=1122"}],"version-history":[{"count":1,"href":"https:\/\/azurpavillon.com\/de\/wp-json\/wp\/v2\/pages\/1122\/revisions"}],"predecessor-version":[{"id":1123,"href":"https:\/\/azurpavillon.com\/de\/wp-json\/wp\/v2\/pages\/1122\/revisions\/1123"}],"wp:featuredmedia":[{"embeddable":true,"href":"https:\/\/azurpavillon.com\/de\/wp-json\/wp\/v2\/media\/1277"}],"wp:attachment":[{"href":"https:\/\/azurpavillon.com\/de\/wp-json\/wp\/v2\/media?parent=1122"}],"curies":[{"name":"wp","href":"https:\/\/api.w.org\/{rel}","templated":true}]}}