{"id":1136,"date":"2025-02-04T20:39:57","date_gmt":"2025-02-04T20:39:57","guid":{"rendered":"https:\/\/azurpavillon.com\/kaufen-sie-eine-immobilie\/"},"modified":"2025-03-26T10:53:53","modified_gmt":"2025-03-26T10:53:53","slug":"kaufen-sie-eine-immobilie","status":"publish","type":"page","link":"https:\/\/azurpavillon.com\/de\/kaufen-sie-eine-immobilie\/","title":{"rendered":"Kaufen Sie eine Immobilie"},"content":{"rendered":"\t\t<div data-elementor-type=\"wp-page\" data-elementor-id=\"1136\" class=\"elementor elementor-1136 elementor-482\">\n\t\t\t\t<div class=\"elementor-element elementor-element-75760af e-con-full e-flex e-con e-parent\" data-id=\"75760af\" data-element_type=\"container\" data-e-type=\"container\">\n\t\t\t\t<div class=\"elementor-element elementor-element-2c9b238 elementor-widget elementor-widget-heading\" data-id=\"2c9b238\" data-element_type=\"widget\" data-e-type=\"widget\" data-widget_type=\"heading.default\">\n\t\t\t\t<div class=\"elementor-widget-container\">\n\t\t\t\t\t<h3 class=\"elementor-heading-title elementor-size-default\">Kaufen Sie Ihre Immobilie in Frankreich mit Azur Pavillon<\/h3>\t\t\t\t<\/div>\n\t\t\t\t<\/div>\n\t\t\t\t<div class=\"elementor-element elementor-element-7ff8cf0 elementor-widget elementor-widget-text-editor\" data-id=\"7ff8cf0\" data-element_type=\"widget\" data-e-type=\"widget\" data-widget_type=\"text-editor.default\">\n\t\t\t\t<div class=\"elementor-widget-container\">\n\t\t\t\t\t\t\t\t\t<p>Sind Sie auf der Suche nach einer Immobilie in der atemberaubenden K\u00fcstenregion der C\u00f4te d&#8217;Azur? Dann sind Sie bei Azur Pavillon &#8211; Ihrem vertrauensw\u00fcrdigen, lokalen Immobilienb\u00fcro &#8222;On Location&#8220; im Herzen S\u00fcdfrankreichs genau richtig. Das herrliche Klima, die atemberaubende Natur und die lebendige Kultur machen diese Region zu einem der begehrtesten Ziele f\u00fcr Immobilienk\u00e4ufer und Investoren.  <\/p>\n\t\t\t\t\t\t\t\t<\/div>\n\t\t\t\t<\/div>\n\t\t\t\t<\/div>\n\t\t<div class=\"elementor-element elementor-element-b4a9fee e-con-full e-flex e-con e-parent\" data-id=\"b4a9fee\" data-element_type=\"container\" data-e-type=\"container\">\n\t\t\t\t<div class=\"elementor-element elementor-element-eb2f44c elementor-widget elementor-widget-heading\" data-id=\"eb2f44c\" data-element_type=\"widget\" data-e-type=\"widget\" data-widget_type=\"heading.default\">\n\t\t\t\t<div class=\"elementor-widget-container\">\n\t\t\t\t\t<h3 class=\"elementor-heading-title elementor-size-default\">Ihr zuverl\u00e4ssiger Partner f\u00fcr franz\u00f6sische Immobilien<\/h3>\t\t\t\t<\/div>\n\t\t\t\t<\/div>\n\t\t\t\t<div class=\"elementor-element elementor-element-ad71f22 elementor-widget elementor-widget-text-editor\" data-id=\"ad71f22\" data-element_type=\"widget\" data-e-type=\"widget\" data-widget_type=\"text-editor.default\">\n\t\t\t\t<div class=\"elementor-widget-container\">\n\t\t\t\t\t\t\t\t\t<p>Als eingetragener franz\u00f6sischer Immobilienmakler verf\u00fcgen wir \u00fcber fundierte Kenntnisse der Region, des lokalen Marktes und aller geltenden Gesetze und Vorschriften. Dieses Fachwissen stellt sicher, dass Sie von der ersten Anfrage bis zur Schl\u00fcssel\u00fcbergabe die bestm\u00f6gliche Beratung erhalten. Unser engagiertes Team navigiert f\u00fcr Sie durch die Feinheiten der franz\u00f6sischen B\u00fcrokratie und sorgt f\u00fcr einen reibungslosen und stressfreien Ablauf der Transaktion.  <\/p>\n\t\t\t\t\t\t\t\t<\/div>\n\t\t\t\t<\/div>\n\t\t\t\t<\/div>\n\t\t<div class=\"elementor-element elementor-element-aaf89e6 e-con-full e-flex e-con e-parent\" data-id=\"aaf89e6\" data-element_type=\"container\" data-e-type=\"container\">\n\t\t\t\t<div class=\"elementor-element elementor-element-413bd67 elementor-widget elementor-widget-heading\" data-id=\"413bd67\" data-element_type=\"widget\" data-e-type=\"widget\" data-widget_type=\"heading.default\">\n\t\t\t\t<div class=\"elementor-widget-container\">\n\t\t\t\t\t<h3 class=\"elementor-heading-title elementor-size-default\">Erleben Sie den s\u00fcdfranz\u00f6sischen Lebensstil<\/h3>\t\t\t\t<\/div>\n\t\t\t\t<\/div>\n\t\t\t\t<div class=\"elementor-element elementor-element-e29b879 elementor-widget elementor-widget-text-editor\" data-id=\"e29b879\" data-element_type=\"widget\" data-e-type=\"widget\" data-widget_type=\"text-editor.default\">\n\t\t\t\t<div class=\"elementor-widget-container\">\n\t\t\t\t\t\t\t\t\t<p>Wir von Azur Pavillon verstehen, dass der Kauf einer Immobilie mehr als nur eine Investition ist &#8211; es ist eine Entscheidung f\u00fcr den Lebensstil. Wenn Sie in dieser bezaubernden Region leben und arbeiten, k\u00f6nnen Sie einen entspannten Lebensrhythmus annehmen und die Sch\u00f6nheit der C\u00f4te d&#8217;Azur jeden Tag genie\u00dfen. Unser Team, das mehrere Sprachen flie\u00dfend spricht, ist vor Ort ans\u00e4ssig und bietet Ihnen die Sicherheit und den Komfort, der sich aus der Zusammenarbeit mit Experten ergibt, die die Region wirklich kennen.  <\/p>\n\t\t\t\t\t\t\t\t<\/div>\n\t\t\t\t<\/div>\n\t\t\t\t<\/div>\n\t\t<div class=\"elementor-element elementor-element-af51b39 e-con-full e-flex e-con e-parent\" data-id=\"af51b39\" data-element_type=\"container\" data-e-type=\"container\">\n\t\t\t\t<div class=\"elementor-element elementor-element-358f2de elementor-widget elementor-widget-heading\" data-id=\"358f2de\" data-element_type=\"widget\" data-e-type=\"widget\" data-widget_type=\"heading.default\">\n\t\t\t\t<div class=\"elementor-widget-container\">\n\t\t\t\t\t<h3 class=\"elementor-heading-title elementor-size-default\">Ihre lokalen Immobilienexperten \"vor Ort\"<\/h3>\t\t\t\t<\/div>\n\t\t\t\t<\/div>\n\t\t\t\t<div class=\"elementor-element elementor-element-3c99bf4 elementor-widget elementor-widget-text-editor\" data-id=\"3c99bf4\" data-element_type=\"widget\" data-e-type=\"widget\" data-widget_type=\"text-editor.default\">\n\t\t\t\t<div class=\"elementor-widget-container\">\n\t\t\t\t\t\t\t\t\t<p>Unser pers\u00f6nlicher Ansatz hebt uns von anderen ab. Bei Azur Pavillon nehmen wir uns die Zeit, Sie und Ihre Immobilienbed\u00fcrfnisse kennen zu lernen. Wir bieten Ihnen umfassende Unterst\u00fctzung w\u00e4hrend des gesamten Prozesses &#8211; von der ersten Suche und den Besichtigungen bis hin zu den letzten Phasen des Kaufs, einschlie\u00dflich der Schl\u00fcssel\u00fcbergabe. Durch unsere Pr\u00e4senz vor Ort k\u00f6nnen Sie sicher sein, dass Sie eine echte, fachkundige Beratung erhalten, die auf Ihre individuellen Bed\u00fcrfnisse zugeschnitten ist.   <\/p>\n\t\t\t\t\t\t\t\t<\/div>\n\t\t\t\t<\/div>\n\t\t\t\t<\/div>\n\t\t<div class=\"elementor-element elementor-element-7e65233 e-con-full e-flex e-con e-parent\" data-id=\"7e65233\" data-element_type=\"container\" data-e-type=\"container\">\n\t\t\t\t<div class=\"elementor-element elementor-element-aed0fc3 elementor-widget elementor-widget-text-editor\" data-id=\"aed0fc3\" data-element_type=\"widget\" data-e-type=\"widget\" data-widget_type=\"text-editor.default\">\n\t\t\t\t<div class=\"elementor-widget-container\">\n\t\t\t\t\t\t\t\t\t<p data-start=\"0\" data-end=\"45\"><strong data-start=\"0\" data-end=\"43\">Carte Professionnelle 8303 2018 000 026 682<\/strong><\/p>\n<p data-start=\"47\" data-end=\"349\">Neben der Vermittlung von Verk\u00e4ufen helfen wir auch bei Immobilienk\u00e4ufen, oft ohne zus\u00e4tzliche Kosten. Unsere Dienstleistungen umfassen die Planung von Besichtigungsterminen, Beratung zur Immobilie und zum Standort, Preisverhandlungen, Inspektionsberichte und die Begleitung durch den gesamten rechtlichen Prozess bis hin zur endg\u00fcltigen Schl\u00fcssel\u00fcbergabe. <\/p>\n<p data-start=\"351\" data-end=\"655\" data-is-last-node=\"\" data-is-only-node=\"\">Als ehemaliger niederl\u00e4ndischer NVM-zertifizierter Immobilienmakler, der nun seit fast 15 Jahren unabh\u00e4ngig an der C\u00f4te d&#8217;Azur t\u00e4tig ist, bringen wir \u00fcber 30 Jahre Erfahrung mit. Unser Arbeitsgebiet umfasst eine Reihe von Preiskategorien entlang der C\u00f4te d&#8217;Azur, von Saint-Tropez bis Cannes, und erstreckt sich bis etwa 20 km ins Landesinnere. <\/p>\n<p>Entdecken Sie unser umfangreiches Immobilienportfolio, indem Sie unsere <a href=\"http:\/\/astridsegaar-realestate.com\" rel=\"noopener\">Seite mit den Immobilienangeboten<\/a> besuchen. F\u00fcr weitere Informationen oder um mit einem unserer lokalen Immobilienexperten zu sprechen, kontaktieren Sie uns bitte noch heute. <\/p>\n<p><strong>Azur Pavillon: Ihr &#8222;Vor-Ort&#8220;-Kontakt in S\u00fcdfrankreich.<\/strong><\/p>\n\t\t\t\t\t\t\t\t<\/div>\n\t\t\t\t<\/div>\n\t\t\t\t<\/div>\n\t\t\t\t<\/div>\n\t\t","protected":false},"excerpt":{"rendered":"<p>Kaufen Sie Ihre Immobilie in Frankreich mit Azur Pavillon Sind Sie auf der Suche nach einer Immobilie in der atemberaubenden K\u00fcstenregion der C\u00f4te d&#8217;Azur? Dann sind Sie bei Azur Pavillon &#8211; Ihrem vertrauensw\u00fcrdigen, lokalen Immobilienb\u00fcro &#8222;On Location&#8220; im Herzen S\u00fcdfrankreichs genau richtig. Das herrliche Klima, die atemberaubende Natur und die lebendige Kultur machen diese Region [&hellip;]<\/p>\n","protected":false},"author":1,"featured_media":1257,"parent":0,"menu_order":0,"comment_status":"closed","ping_status":"closed","template":"","meta":{"_acf_changed":false,"footnotes":""},"class_list":["post-1136","page","type-page","status-publish","has-post-thumbnail","hentry","entry"],"acf":[],"_links":{"self":[{"href":"https:\/\/azurpavillon.com\/de\/wp-json\/wp\/v2\/pages\/1136","targetHints":{"allow":["GET"]}}],"collection":[{"href":"https:\/\/azurpavillon.com\/de\/wp-json\/wp\/v2\/pages"}],"about":[{"href":"https:\/\/azurpavillon.com\/de\/wp-json\/wp\/v2\/types\/page"}],"author":[{"embeddable":true,"href":"https:\/\/azurpavillon.com\/de\/wp-json\/wp\/v2\/users\/1"}],"replies":[{"embeddable":true,"href":"https:\/\/azurpavillon.com\/de\/wp-json\/wp\/v2\/comments?post=1136"}],"version-history":[{"count":3,"href":"https:\/\/azurpavillon.com\/de\/wp-json\/wp\/v2\/pages\/1136\/revisions"}],"predecessor-version":[{"id":1239,"href":"https:\/\/azurpavillon.com\/de\/wp-json\/wp\/v2\/pages\/1136\/revisions\/1239"}],"wp:featuredmedia":[{"embeddable":true,"href":"https:\/\/azurpavillon.com\/de\/wp-json\/wp\/v2\/media\/1257"}],"wp:attachment":[{"href":"https:\/\/azurpavillon.com\/de\/wp-json\/wp\/v2\/media?parent=1136"}],"curies":[{"name":"wp","href":"https:\/\/api.w.org\/{rel}","templated":true}]}}