{"id":410,"date":"2024-12-25T09:51:16","date_gmt":"2024-12-25T09:51:16","guid":{"rendered":"https:\/\/azurpavillon.com\/blog\/"},"modified":"2025-03-25T10:27:12","modified_gmt":"2025-03-25T10:27:12","slug":"blog","status":"publish","type":"page","link":"https:\/\/azurpavillon.com\/de\/blog\/","title":{"rendered":"Blog"},"content":{"rendered":"\t\t<div data-elementor-type=\"wp-post\" data-elementor-id=\"410\" class=\"elementor elementor-410 elementor-7\">\n\t\t\t\t<div class=\"elementor-element elementor-element-1ed0961 e-con-full e-flex e-con e-parent\" data-id=\"1ed0961\" data-element_type=\"container\" data-e-type=\"container\">\n\t\t\t\t<div class=\"elementor-element elementor-element-f92a103 elementor-widget elementor-widget-html\" data-id=\"f92a103\" data-element_type=\"widget\" data-e-type=\"widget\" data-widget_type=\"html.default\">\n\t\t\t\t<div class=\"elementor-widget-container\">\n\t\t\t\t\t<h2 class=\"section-title\">Entdeckt euer n\u00e4chstes <span>Traumziel<\/span><\/h2>\n            <div class=\"section-text\">\n Lassen Sie sich von uns an die Orte f\u00fchren, von denen Sie schon immer getr\u00e4umt haben\n            <\/div>\t\t\t\t<\/div>\n\t\t\t\t<\/div>\n\t\t\t\t<div class=\"elementor-element elementor-element-8f318bc elementor-widget elementor-widget-pd-pcf\" data-id=\"8f318bc\" data-element_type=\"widget\" data-e-type=\"widget\" data-widget_type=\"pd-pcf.default\">\n\t\t\t\t<div class=\"elementor-widget-container\">\n\t\t\t\t\t<div\r\n\t        \t\tclass=\"pd-pcf-container pd-pcf-column-type-default\"\r\n\t        \t\tid=\"wbel_pd_pcf_pd_pcf8f318bc\"\r\n\t        \t\tdata-columns_per_row=\"3\"\r\n\t        \t\tdata-post_types=\"post\"\r\n\t        \t\tdata-tax_query=\"{&quot;0&quot;:{&quot;taxonomy&quot;:&quot;category&quot;,&quot;field&quot;:&quot;term_id&quot;,&quot;terms&quot;:[&quot;6&quot;,&quot;7&quot;,&quot;8&quot;,&quot;9&quot;]},&quot;relation&quot;:&quot;OR&quot;}\"\r\n\t        \t\tdata-posts_per_page=\"9\"\r\n\t        \t\tdata-settings=\"{&quot;category_ids&quot;:[&quot;6&quot;,&quot;7&quot;,&quot;8&quot;,&quot;9&quot;],&quot;template_style&quot;:&quot;azur&quot;,&quot;columns_per_row&quot;:3,&quot;read_more_text&quot;:&quot;Read More&quot;,&quot;post_types&quot;:&quot;post&quot;,&quot;posts_per_page&quot;:9,&quot;thumbnail_size_size&quot;:&quot;full&quot;,&quot;thumbnail_size_custom_dimension&quot;:null,&quot;display_image&quot;:&quot;yes&quot;,&quot;id&quot;:&quot;pd_pcf8f318bc&quot;}\"\r\n\t        \t>\t\r\n\t        \t<div class=\"wbel-pd-pcf-category-container pd-pcf-filter-button-group\">\r\n\t        \t\t\t\t\t\t\t  <a href=\"#\" class=\"pd-pcf-filter-btn\" data-filter=\"*\">All<\/a>\r\n\t\t\t\t\t    \t\t\t\t\t\t\t\t\t<a href=\"#\" class=\"pd-pcf-filter-btn\" data-filter=\".budget-freundliches-reisen-48\">Budget-freundliches Reisen<\/a>\r\n\t\t\t\t\t\t\t  \t  \t\t\t\t\t\t\t\t\t<a href=\"#\" class=\"pd-pcf-filter-btn\" data-filter=\".familienurlaube-49\">Familienurlaube<\/a>\r\n\t\t\t\t\t\t\t  \t  \t\t\t\t\t\t\t\t\t<a href=\"#\" class=\"pd-pcf-filter-btn\" data-filter=\".kulturelle-erlebnisse-73\">Kulturelle Erlebnisse<\/a>\r\n\t\t\t\t\t\t\t  \t  \t\t\t\t\t\t\t\t\t<a href=\"#\" class=\"pd-pcf-filter-btn\" data-filter=\".luxusreisen-47\">Luxusreisen<\/a>\r\n\t\t\t\t\t\t\t  \t\r\n\t        \t<\/div>\r\n\t        <div\r\n\t\t        \t\tclass=\"wbel_pd_pcf_wrapper wbel_pd_pcf_azur\"\r\n\t\t        \t><div class=\"pd_pcf_item pd-pcf-col-3 familienurlaube-49 kulturelle-erlebnisse-73 optional-de-16 \">\r\n\t<div class=\"pd_pcf_single_item\">\r\n\t\t\t<div class=\"pd_pcf_thumbnail\">\r\n\t\t\t<a href=\"https:\/\/azurpavillon.com\/de\/die-besten-aktivitaeten-an-der-cote-dazur-im-mai-und-juni-2025\/\">\r\n\t\t\t\t<img decoding=\"async\" src=\"https:\/\/azurpavillon.com\/wp-content\/uploads\/2025\/04\/Expor-rose-Grasse.jpg\" title=\"Expor-rose-Grasse\" alt=\"Expor-rose-Grasse\" \/>\t\t\t<\/a>\r\n\t\t<\/div>\r\n\t\t\t<div class=\"pd_pcf_content\">\r\n\r\n\t\t\t<div class=\"pd_pcf_title\">\r\n\t\t\t\t<h2><a href=\"https:\/\/azurpavillon.com\/de\/die-besten-aktivitaeten-an-der-cote-dazur-im-mai-und-juni-2025\/\">Die besten Aktivit\u00e4ten an der C\u00f4te d\u2019Azur im Mai und Juni 2025<\/a><\/h2>\r\n\t\t\t<\/div>\r\n\r\n\t\t\t<div class=\"pd_pcf_description\">\r\n\r\n\t\t\t\t<div class=\"pd_pcf_text\"><p>An der C\u00f4te d\u2019Azur zu leben ist ein echtes Vergn\u00fcgen \u2013 und als Einheimische werden wir oft gefragt, was man hier im Fr\u00fchsommer unternehmen kann. Hier ist ein kompakter \u00dcberblick \u00fcber Veranstaltungen, Festivals und kulturelle Highlights im Mai und Juni. <\/p>\n<\/div>\r\n\r\n\t\t\t\t\t\t\t\t\t<div class=\"pd_pcf_readmore\">\r\n\t\t\t\t\t\t<a class=\"pd_pcf_readmore_link\" href=\"https:\/\/azurpavillon.com\/de\/die-besten-aktivitaeten-an-der-cote-dazur-im-mai-und-juni-2025\/\">Read More<\/a>\r\n\t\t\t\t\t<\/div>\r\n\t\t\t\t\t\t\t<\/div>\r\n\t\t\r\n\t\t<\/div>\r\n\t<\/div>\r\n<\/div><\/div><\/div>\t\t\t\t<\/div>\n\t\t\t\t<\/div>\n\t\t\t\t<\/div>\n\t\t<div class=\"elementor-element elementor-element-f0ca774 e-con-full latestarticle-block e-flex e-con e-parent\" data-id=\"f0ca774\" data-element_type=\"container\" data-e-type=\"container\">\n\t\t\t\t<div class=\"elementor-element elementor-element-eaaf056 elementor-widget elementor-widget-html\" data-id=\"eaaf056\" data-element_type=\"widget\" data-e-type=\"widget\" data-widget_type=\"html.default\">\n\t\t\t\t<div class=\"elementor-widget-container\">\n\t\t\t\t\t<h2 class=\"section-title text-center\">Die neusten <span>Artikel<\/span><\/h2>\t\t\t\t<\/div>\n\t\t\t\t<\/div>\n\t\t\t\t<div class=\"elementor-element elementor-element-7180a0f elementor-widget elementor-widget-wb-post-slider\" data-id=\"7180a0f\" data-element_type=\"widget\" data-e-type=\"widget\" data-widget_type=\"wb-post-slider.default\">\n\t\t\t\t<div class=\"elementor-widget-container\">\n\t\t\t\t\t<div\r\n\t        \t\tclass=\"wbel_post_slider_wrapper wbel_post_slider_default\"\r\n\t        \t\tid=\"wbel_post_slider_wb_post_slider7180a0f\"\r\n\t        \t\tdata-slide-to-show=\"3\"\r\n\t        \t\tdata-slides-to-scroll=\"3\"\r\n\t        \t><div class=\"wb_ps_item\">\r\n\t<div class=\"wb_ps_single_item\">\r\n\t\t\t\t\t<div class=\"wb_ps_thumbnail\">\r\n\t\t\t\t<a href=\"https:\/\/azurpavillon.com\/de\/die-besten-aktivitaeten-an-der-cote-dazur-im-mai-und-juni-2025\/\">\r\n\t\t\t\t\t<img decoding=\"async\" src=\"https:\/\/azurpavillon.com\/wp-content\/uploads\/2025\/04\/Expor-rose-Grasse.jpg\" title=\"Expor-rose-Grasse\" alt=\"Expor-rose-Grasse\" \/>\t\t\t\t<\/a>\r\n\t\t\t<\/div>\r\n\t\t\t\t<div class=\"wb_ps_content\">\r\n\r\n\t\t\t<div class=\"wb_ps_title\">\r\n\t\t\t\t<h2 ><a href=\"https:\/\/azurpavillon.com\/de\/die-besten-aktivitaeten-an-der-cote-dazur-im-mai-und-juni-2025\/\">Die besten Aktivit\u00e4ten an der C\u00f4te d\u2019Azur im Mai und Juni 2025<\/a><\/h2>\r\n\t\t\t<\/div>\r\n\r\n\t\t\t<div class=\"wb_ps_description\">\r\n\r\n\t\t\t\t<div class=\"wb_ps_text\"><p>An der C\u00f4te d\u2019Azur zu leben ist ein echtes Vergn\u00fcgen \u2013 und als Einheimische werden wir oft gefragt, was man hier im Fr\u00fchsommer unternehmen kann. Hier ist ein kompakter \u00dcberblick \u00fcber Veranstaltungen, Festivals und kulturelle Highlights im Mai und Juni. <\/p>\n<\/div>\r\n\r\n\t\t\t\t\t\t\t<div class=\"wb_ps_readmore\">\r\n\t\t\t\t\t<a class=\"wb_ps_readmore_link\" href=\"https:\/\/azurpavillon.com\/de\/die-besten-aktivitaeten-an-der-cote-dazur-im-mai-und-juni-2025\/\">Read More<\/a>\r\n\t\t\t\t<\/div>\r\n\t\t\t\r\n\t\t\t<\/div>\r\n\t\t\r\n\t\t<\/div>\r\n\t<\/div>\r\n<\/div><div class=\"wb_ps_item\">\r\n\t<div class=\"wb_ps_single_item\">\r\n\t\t\t\t\t<div class=\"wb_ps_thumbnail\">\r\n\t\t\t\t<a href=\"https:\/\/azurpavillon.com\/de\/was-bedeutet-eine-franzoesische-carte-professionnelle\/\">\r\n\t\t\t\t\t<img decoding=\"async\" src=\"https:\/\/azurpavillon.com\/wp-content\/uploads\/2025\/01\/cote-d_azur_view2-CP.jpg\" title=\"cote-d_azur_view2-CP\" alt=\"cote-d_azur_view2-CP\" \/>\t\t\t\t<\/a>\r\n\t\t\t<\/div>\r\n\t\t\t\t<div class=\"wb_ps_content\">\r\n\r\n\t\t\t<div class=\"wb_ps_title\">\r\n\t\t\t\t<h2 ><a href=\"https:\/\/azurpavillon.com\/de\/was-bedeutet-eine-franzoesische-carte-professionnelle\/\">Was bedeutet eine franz\u00f6sische &#8218;Carte Professionnelle&#8216;?<\/a><\/h2>\r\n\t\t\t<\/div>\r\n\r\n\t\t\t<div class=\"wb_ps_description\">\r\n\r\n\t\t\t\t<div class=\"wb_ps_text\"><p>Die franz\u00f6sische 'Carte Professionnelle' oder Immobilienlizenz ist ein offizielles Dokument, das die berufliche Kompetenz, den guten Charakter, die finanzielle Garantie und die Berufshaftpflichtversicherung des Immobilienmaklers best\u00e4tigt, auch bei der Ferienvermietung. Diese Lizenz gibt den Kunden die Gewissheit, dass der Immobilienmakler&hellip;<\/p>\n<\/div>\r\n\r\n\t\t\t\t\t\t\t<div class=\"wb_ps_readmore\">\r\n\t\t\t\t\t<a class=\"wb_ps_readmore_link\" href=\"https:\/\/azurpavillon.com\/de\/was-bedeutet-eine-franzoesische-carte-professionnelle\/\">Read More<\/a>\r\n\t\t\t\t<\/div>\r\n\t\t\t\r\n\t\t\t<\/div>\r\n\t\t\r\n\t\t<\/div>\r\n\t<\/div>\r\n<\/div><div class=\"wb_ps_item\">\r\n\t<div class=\"wb_ps_single_item\">\r\n\t\t\t\t\t<div class=\"wb_ps_thumbnail\">\r\n\t\t\t\t<a href=\"https:\/\/azurpavillon.com\/de\/wir-sind-locals-an-der-cote-dazur-was-bedeutet-das\/\">\r\n\t\t\t\t\t<img decoding=\"async\" src=\"https:\/\/azurpavillon.com\/wp-content\/uploads\/2025\/01\/Inside-code_d_aziur_mas.jpeg\" title=\"Inside-code_d_aziur_mas\" alt=\"Inside-code_d_aziur_mas\" \/>\t\t\t\t<\/a>\r\n\t\t\t<\/div>\r\n\t\t\t\t<div class=\"wb_ps_content\">\r\n\r\n\t\t\t<div class=\"wb_ps_title\">\r\n\t\t\t\t<h2 ><a href=\"https:\/\/azurpavillon.com\/de\/wir-sind-locals-an-der-cote-dazur-was-bedeutet-das\/\">Wir sind locals an der C\u00f4te d&#8217;Azur. Was bedeutet das?<\/a><\/h2>\r\n\t\t\t<\/div>\r\n\r\n\t\t\t<div class=\"wb_ps_description\">\r\n\r\n\t\t\t\t<div class=\"wb_ps_text\"><p>Ganz einfach: wir leben und arbeiten seit 15 Jahren in dieser Region und sind st\u00e4ndig auf der Suche nach den sch\u00f6nsten und geeignetsten Ferienh\u00e4usern. Unser Angebot reicht von Apartments und Ferienh\u00e4usern mit Gemeinschaftspool bis hin zu freistehenden Villen mit Privatpools.&hellip;<\/p>\n<\/div>\r\n\r\n\t\t\t\t\t\t\t<div class=\"wb_ps_readmore\">\r\n\t\t\t\t\t<a class=\"wb_ps_readmore_link\" href=\"https:\/\/azurpavillon.com\/de\/wir-sind-locals-an-der-cote-dazur-was-bedeutet-das\/\">Read More<\/a>\r\n\t\t\t\t<\/div>\r\n\t\t\t\r\n\t\t\t<\/div>\r\n\t\t\r\n\t\t<\/div>\r\n\t<\/div>\r\n<\/div><\/div>\t\t\t\t<div class=\"wbel-arrow wb-arrow-prev\">\r\n\t\t\t\t\t<i class=\"fa fa-angle-left\"><\/i>\r\n\t\t\t\t<\/div>\r\n\t\t\t\t<div class=\"wbel-arrow wb-arrow-next\">\r\n\t\t\t\t\t<i class=\"fa fa-angle-right\"><\/i>\r\n\t\t\t\t<\/div>\r\n\t\t\t\t\t\t\t<\/div>\n\t\t\t\t<\/div>\n\t\t\t\t<\/div>\n\t\t<div class=\"elementor-element elementor-element-625fb7f e-con-full youmayalsolike-block e-flex e-con e-parent\" data-id=\"625fb7f\" data-element_type=\"container\" data-e-type=\"container\">\n\t\t\t\t<div class=\"elementor-element elementor-element-62adac6 elementor-widget elementor-widget-html\" data-id=\"62adac6\" data-element_type=\"widget\" data-e-type=\"widget\" data-widget_type=\"html.default\">\n\t\t\t\t<div class=\"elementor-widget-container\">\n\t\t\t\t\t<h2 class=\"section-title text-center\">Vielleicht <span>gef\u00e4llt<\/span> Ihnen auch<\/h2>\t\t\t\t<\/div>\n\t\t\t\t<\/div>\n\t\t\t\t<div class=\"elementor-element elementor-element-53fb60e elementor-grid-3 elementor-grid-tablet-2 elementor-grid-mobile-1 elementor-widget elementor-widget-elementor-blog-posts\" data-id=\"53fb60e\" data-element_type=\"widget\" data-e-type=\"widget\" data-settings=\"{&quot;columns&quot;:&quot;3&quot;,&quot;columns_tablet&quot;:&quot;2&quot;,&quot;columns_mobile&quot;:&quot;1&quot;}\" data-widget_type=\"elementor-blog-posts.default\">\n\t\t\t\t<div class=\"elementor-widget-container\">\n\t\t\t\t\t\t\t<div class=\"wpcap-grid\">\n\t\t\t\t\t\t<div class=\"wpcap-grid-container elementor-grid wpcap-grid-desktop-3 wpcap-grid-tablet-2 wpcap-grid-mobile-1\">\n\n\t\t\t\t\n        <article id=\"post-1368\" class=\"wpcap-post post-1368 post type-post status-publish format-standard has-post-thumbnail hentry category-familienurlaube category-kulturelle-erlebnisse entry\">\n         \n            <div class=\"post-grid-inner\">\n            \t\n            \t\t\t\t<div class=\"post-grid-thumbnail\">\n\t\t\t\t<a href=\"https:\/\/azurpavillon.com\/de\/die-besten-aktivitaeten-an-der-cote-dazur-im-mai-und-juni-2025\/\">\n\t\t\t\t\t<img fetchpriority=\"high\" decoding=\"async\" width=\"1200\" height=\"600\" src=\"https:\/\/azurpavillon.com\/wp-content\/uploads\/2025\/04\/Expor-rose-Grasse.jpg\" class=\"attachment-full size-full wp-post-image\" alt=\"\" srcset=\"https:\/\/azurpavillon.com\/wp-content\/uploads\/2025\/04\/Expor-rose-Grasse.jpg 1200w, https:\/\/azurpavillon.com\/wp-content\/uploads\/2025\/04\/Expor-rose-Grasse-300x150.jpg 300w, https:\/\/azurpavillon.com\/wp-content\/uploads\/2025\/04\/Expor-rose-Grasse-1024x512.jpg 1024w, https:\/\/azurpavillon.com\/wp-content\/uploads\/2025\/04\/Expor-rose-Grasse-768x384.jpg 768w\" sizes=\"(max-width: 34.9rem) calc(100vw - 2rem), (max-width: 53rem) calc(8 * (100vw \/ 12)), (min-width: 53rem) calc(6 * (100vw \/ 12)), 100vw\" \/>\t\t\t\t<\/a>\n\t\t\t<\/div>\n        \n                <div class=\"post-grid-text-wrap\">\n               \t\t\t\t<h4 class=\"title\">\n\t\t\t<a href=\"https:\/\/azurpavillon.com\/de\/die-besten-aktivitaeten-an-der-cote-dazur-im-mai-und-juni-2025\/\">Die besten Aktivit\u00e4ten an der C\u00f4te d\u2019Azur im Mai und Juni 2025<\/a>\n\t\t<\/h4>\n\t\t\t                \t\t<div class=\"post-grid-meta\">\n\t\t\t\n\t\t\t\t<span class=\"post-date\"><time datetime=\"2025-04-17T15:12:58+00:00\">April 17, 2025<\/time><\/span>\n\n\t\t\t\t\t\t<\/div>\n\t\t\t                \t\t<div class=\"post-grid-excerpt\">\n\t\t\t<p>An der C\u00f4te d\u2019Azur zu leben ist ein echtes Vergn\u00fcgen \u2013 und als Einheimische werden wir oft gefragt, was man hier im Fr\u00fchsommer unternehmen kann. Hier ist ein kompakter \u00dcberblick \u00fcber Veranstaltungen, Festivals und kulturelle Highlights im Mai und Juni. <\/p>\n\t\t<\/div>\n\t\t\t                \t\t<a class=\"read-more-btn\" href=\"https:\/\/azurpavillon.com\/de\/die-besten-aktivitaeten-an-der-cote-dazur-im-mai-und-juni-2025\/\">Read More<\/a>\n\t\t                <\/div>\n\n            <\/div><!-- .blog-inner -->\n           \n        <\/article>\n\n        \n\t\t\t<\/div>\n\t\t<\/div>\n\t\t\t\t\t\t<\/div>\n\t\t\t\t<\/div>\n\t\t\t\t<div class=\"elementor-element elementor-element-dba01a4 elementor-align-center btn-showmore elementor-widget elementor-widget-button\" data-id=\"dba01a4\" data-element_type=\"widget\" data-e-type=\"widget\" data-widget_type=\"button.default\">\n\t\t\t\t<div class=\"elementor-widget-container\">\n\t\t\t\t\t\t\t\t\t<div class=\"elementor-button-wrapper\">\n\t\t\t\t\t<a class=\"elementor-button elementor-button-link elementor-size-sm\" href=\"#\">\n\t\t\t\t\t\t<span class=\"elementor-button-content-wrapper\">\n\t\t\t\t\t\t\t\t\t<span class=\"elementor-button-text\">Mehr anzeigen<\/span>\n\t\t\t\t\t<\/span>\n\t\t\t\t\t<\/a>\n\t\t\t\t<\/div>\n\t\t\t\t\t\t\t\t<\/div>\n\t\t\t\t<\/div>\n\t\t\t\t<\/div>\n\t\t\t\t<\/div>\n\t\t","protected":false},"excerpt":{"rendered":"<p>Entdeckt euer n\u00e4chstes Traumziel Lassen Sie sich von uns an die Orte f\u00fchren, von denen Sie schon immer getr\u00e4umt haben All Cultural Experiences Cultural Experiences January 22, 2025 Discover the Hidden Gems of the C\u00f4te d\u2019Azur Look beyond the iconic spots and discover treasure trove of lesser-known locations waiting to be explored. Read More Die [&hellip;]<\/p>\n","protected":false},"author":1,"featured_media":0,"parent":0,"menu_order":0,"comment_status":"closed","ping_status":"closed","template":"templates\/template-blog.php","meta":{"_acf_changed":false,"footnotes":""},"class_list":["post-410","page","type-page","status-publish","hentry","entry"],"acf":[],"_links":{"self":[{"href":"https:\/\/azurpavillon.com\/de\/wp-json\/wp\/v2\/pages\/410","targetHints":{"allow":["GET"]}}],"collection":[{"href":"https:\/\/azurpavillon.com\/de\/wp-json\/wp\/v2\/pages"}],"about":[{"href":"https:\/\/azurpavillon.com\/de\/wp-json\/wp\/v2\/types\/page"}],"author":[{"embeddable":true,"href":"https:\/\/azurpavillon.com\/de\/wp-json\/wp\/v2\/users\/1"}],"replies":[{"embeddable":true,"href":"https:\/\/azurpavillon.com\/de\/wp-json\/wp\/v2\/comments?post=410"}],"version-history":[{"count":6,"href":"https:\/\/azurpavillon.com\/de\/wp-json\/wp\/v2\/pages\/410\/revisions"}],"predecessor-version":[{"id":1236,"href":"https:\/\/azurpavillon.com\/de\/wp-json\/wp\/v2\/pages\/410\/revisions\/1236"}],"wp:attachment":[{"href":"https:\/\/azurpavillon.com\/de\/wp-json\/wp\/v2\/media?parent=410"}],"curies":[{"name":"wp","href":"https:\/\/api.w.org\/{rel}","templated":true}]}}