{"id":423,"date":"2024-12-02T10:59:02","date_gmt":"2024-12-02T10:59:02","guid":{"rendered":"https:\/\/azurpavillon.com\/allgemeine-geschaeftsbedingungen\/"},"modified":"2025-11-11T11:25:00","modified_gmt":"2025-11-11T11:25:00","slug":"allgemeine-geschaeftsbedingungen","status":"publish","type":"page","link":"https:\/\/azurpavillon.com\/de\/allgemeine-geschaeftsbedingungen\/","title":{"rendered":"Allgemeine Gesch\u00e4ftsbedingungen"},"content":{"rendered":"\t\t<div data-elementor-type=\"wp-post\" data-elementor-id=\"423\" class=\"elementor elementor-423 elementor-9\">\n\t\t\t\t<div class=\"elementor-element elementor-element-9e9f92a e-con-full content-title_box e-flex e-con e-parent\" data-id=\"9e9f92a\" data-element_type=\"container\" data-e-type=\"container\">\n\t\t\t\t<div class=\"elementor-element elementor-element-021f049 elementor-widget elementor-widget-text-editor\" data-id=\"021f049\" data-element_type=\"widget\" data-e-type=\"widget\" data-widget_type=\"text-editor.default\">\n\t\t\t\t<div class=\"elementor-widget-container\">\n\t\t\t\t\t\t\t\t\t<h2>Allgemeine <label>Gesch\u00e4ftsbedingungen<\/label><\/h2><p>Willkommen bei Azur Pavillon! Indem Sie auf unsere Plattform zugreifen oder sie nutzen, erkl\u00e4ren Sie sich mit den folgenden Allgemeinen Gesch\u00e4ftsbedingungen einverstanden und sind an diese gebunden. Bitte lesen Sie diese sorgf\u00e4ltig durch.  <\/p>\t\t\t\t\t\t\t\t<\/div>\n\t\t\t\t<\/div>\n\t\t\t\t<\/div>\n\t\t<div class=\"elementor-element elementor-element-3f10391 e-con-full e-flex e-con e-parent\" data-id=\"3f10391\" data-element_type=\"container\" data-e-type=\"container\">\n\t\t\t\t<div class=\"elementor-element elementor-element-c80de8a elementor-widget elementor-widget-text-editor\" data-id=\"c80de8a\" data-element_type=\"widget\" data-e-type=\"widget\" data-widget_type=\"text-editor.default\">\n\t\t\t\t<div class=\"elementor-widget-container\">\n\t\t\t\t\t\t\t\t\t<h4> Allgemeine Bedingungen und Konditionen<\/h4><p>Die Anmietung erfolgt zu den folgenden allgemeinen Bedingungen :<\/p><h4>Dauer des Mietzeitraums<\/h4><p>Die Miete gilt f\u00fcr den vereinbarten Zeitraum. Das Ferienhaus steht am Anreisetag ab 16 Uhr und am Abreisetag bis 10 Uhr zur Verf\u00fcgung. Abweichende Zeiten sind nur mit vorheriger schriftlicher Genehmigung des Vermieters und\/oder Verwalters zul\u00e4ssig.  <\/p><h4>Zustand und Nutzung des Mietobjekts<\/h4><p>Der Mieter erkl\u00e4rt, das Mietobjekt mit nicht mehr als der im Voraus vereinbarten Anzahl von Personen pers\u00f6nlich zu bewohnen, w\u00e4hrend des Aufenthalts als &#8222;guter Familienvater&#8220; im Mietobjekt zu leben und es ordnungsgem\u00e4\u00df zu unterhalten. <\/p><p>Das Mietobjekt wird m\u00f6bliert vermietet und ist mit K\u00fcchenutensilien, Geschirr, Gl\u00e4sern, Decken, Bettdecken und Kopfkissen ausgestattet. Der Zustand des Mietobjekts und das Inventar werden vom Mieter und dem Vermieter und\/oder Verwalter bei der Ankunft und am Ende des vereinbarten Zeitraums festgestellt. Das Mietobjekt wird dem Mieter sauber \u00fcbergeben und muss bei Abreise wieder sauber \u00fcbergeben werden. Wir weisen darauf hin, dass es sich um H\u00e4user von Privateigent\u00fcmern handelt und dass von einer Standardausstattung keine Rede sein kann. Sie k\u00f6nnen jedoch sicher sein, dass Azur Pavillon jedes Haus und seine Umgebung gut kennt. Z\u00f6gern Sie also nicht, uns f\u00fcr weitere Informationen anzurufen.     <\/p><p>Reklamationen, die mehr als 24 Stunden nach der Ankunft im Haus eingereicht werden, k\u00f6nnen nicht akzeptiert werden.<\/p><p>Azur Pavillon sollte die M\u00f6glichkeit erhalten, eine Beschwerde zu bearbeiten und eine L\u00f6sung anzubieten. Eine vorzeitige Abreise ohne vorherige R\u00fccksprache und \/ oder Vereinbarung oder Beschwerden, die nicht sofort, sondern erst sp\u00e4ter gemeldet werden, werden nicht akzeptiert und entbindet den Eigent\u00fcmer und \/ oder Azur Pavillon von jeglicher Haftung und R\u00fcckerstattung. <\/p><h4>Internet<\/h4><p>Die meisten Unterk\u00fcnfte sowie der Standort des Azur Pavillon bieten eine drahtlose Internetverbindung. Anders als in den Niederlanden ist das Strom- und Telefonnetz im Ausland oft oberirdisch aufgebaut, was bedeutet, dass das Netz anf\u00e4llig f\u00fcr St\u00f6rungen ist. Weder Azur Pavillon noch der Eigent\u00fcmer k\u00f6nnen die Verantwortung f\u00fcr (vor\u00fcbergehende) St\u00f6rungen der Internetverbindung \u00fcbernehmen.  <\/p><h4>Mietpreis<\/h4><p>Der Mietpreis wird bei der Reservierung festgelegt und vom Mieter akzeptiert. Bei einer Reservierung \u00fcber die Website erh\u00e4lt der Mieter von AzurPavillon eine Reservierungsbest\u00e4tigung und eine Best\u00e4tigung \u00fcber die Zahlung der Anzahlung. Bei einer Reservierung im Jahr vor der Ankunft wird eine Anzahlung von 20% verlangt. Die folgende Zahlung betr\u00e4gt 30% bis Anfang M\u00e4rz im Jahr der Reservierung und\/oder der letzte Teil der vollst\u00e4ndigen Zahlung 8 Wochen vor der Ankunft. Bei Reservierung im Jahr der Ankunft bitten wir um eine Anzahlung von 50%. Die restlichen 50% m\u00fcssen sp\u00e4testens 8 Wochen vor der Ankunft bezahlt werden. Bei Reservierungen, die innerhalb von 8 Wochen vor der Ankunft erfolgen, ist der gesamte Betrag bei der Reservierung zu entrichten.       Alle zus\u00e4tzlichen Kosten, die von den Banken f\u00fcr die Zahlung per Kredit- oder Bankkarte einbehalten werden, sind vom Mieter zu tragen.<\/p><h4>Zus\u00e4tzliche Kosten<\/h4><p>Als Vermieter ist der Azur Pavillon verpflichtet, die Kurtaxe zu erheben und an die Gemeinde abzuf\u00fchren. Diese Steuer wird von Personen ab 18 Jahren erhoben. <\/p><p>Au\u00dferdem wird den Mietern ein Pauschalbetrag f\u00fcr die Reinigung des Mietobjekts und ein Pauschalbetrag pro Person f\u00fcr die Nutzung und den Wechsel der W\u00e4sche berechnet. Au\u00dferdem wird dem Mieter ein einmaliger Betrag f\u00fcr Reservierungs- und Verwaltungskosten in Rechnung gestellt. <\/p><h4>Einzahlung \/ Kaution<\/h4><p>Um die allgemeinen Bestimmungen durchf\u00fchren und eventuelle Sch\u00e4den beheben zu k\u00f6nnen, zahlt der Mieter einen festen Betrag als Kaution, der ihm sp\u00e4testens 14 Tage nach der Abreise zur\u00fcckerstattet wird.<\/p><h4>Annullierungsbedingungen<\/h4><p>Die folgenden Prozents\u00e4tze gelten f\u00fcr die Stornierung einer bereits best\u00e4tigten Buchung :<\/p><p>1. bei Stornierung bis zu 8 Wochen vor Anreise: 50% des Mietpreises.<br>2. Im Falle einer Stornierung innerhalb von 8 Wochen vor der Ankunft: der volle Mietbetrag.<br>3. Bei vorzeitiger Beendigung des Aufenthalts wird die volle Miete f\u00e4llig.<\/p><p>Im Falle einer Stornierung wird die bereits geleistete Kaution (oder ein Teil davon) in jedem Fall zur\u00fcckerstattet.<\/p><h4>Haftung<\/h4><p>W\u00e4hrend des Aufenthalts ist der Mieter f\u00fcr das Haus, die Dekoration und alle Dinge, die zum Mietobjekt geh\u00f6ren, verantwortlich. Azur Pavillon kann keine Haftung oder Verantwortung f\u00fcr Sch\u00e4den und Unannehmlichkeiten, in welcher Form und aus welchem Grund auch immer, \u00fcbernehmen, die dem Mieter und anderen Personen, die sich im oder in der N\u00e4he des gemieteten Hauses aufhalten, entstehen. Der Mieter verpflichtet sich, bei der Beseitigung von Beschwerden mitzuwirken. Die Beschreibungen auf der\/den Website(s) und in der Brosch\u00fcre sind mit gr\u00f6\u00dfter Sorgfalt erstellt worden und die angegebenen m2 sind ein Hinweis auf die Gr\u00f6\u00dfe des Mietobjekts.     <\/p><p>Azur Pavillon kann nicht f\u00fcr Unannehmlichkeiten verantwortlich gemacht werden, die sich aus zwischenzeitlich ver\u00e4nderten Situationen ergeben, die nicht von Azur Pavillon verschuldet wurden. Wenn Azur Pavillon gezwungen ist, die Reservierung aus Gr\u00fcnden zu stornieren, die sie nicht zu verantworten hat, wird dem Mieter ein anderes, gleichwertiges oder besseres Haus angeboten. Sollte dies nicht m\u00f6glich sein, erstatten wir Ihnen das bereits gezahlte Geld zur\u00fcck, jedoch ohne Schadensersatz zu leisten. <\/p><p>Der Vermieter oder sein Beauftragter ist berechtigt, f\u00fcr die Reinigung des Mietobjekts bei der Abreise des Mieters gegebenenfalls einen zus\u00e4tzlichen Betrag zur regul\u00e4ren Reinigungsgeb\u00fchr zu berechnen. Dies gilt auch f\u00fcr einen Betrag f\u00fcr den Wert von Gegenst\u00e4nden, M\u00f6beln oder Materialien, die zerbrochen, verschmutzt, zerst\u00f6rt oder besch\u00e4digt wurden, Gegenst\u00e4nde, die w\u00e4hrend der Mietzeit zweckentfremdet wurden, Kosten f\u00fcr die Reinigung verschmutzter Decken und\/oder eine Entsch\u00e4digung f\u00fcr jegliche Form von Sch\u00e4den an Gardinen, Tapeten, Decken, Teppichen, Fenstern, Betten usw. Auch Reparaturen, die aufgrund von Sch\u00e4den, die durch Fahrl\u00e4ssigkeit oder unsachgem\u00e4\u00dfen Gebrauch des Mietobjekts verursacht wurden, notwendig sind, gehen zu Lasten des Mieters.<\/p><p>Der Mieter hat daf\u00fcr Sorge zu tragen, dass keine Bel\u00e4stigungen in der Nachbarschaft entstehen.<\/p><p>Der Mieter verpflichtet sich, sich gegen die mit der Anmietung verbundenen Risiken zu versichern (z. B. Feuer- und Wassersch\u00e4den). Im Falle einer Nichtversicherung haftet der Mieter f\u00fcr die Kosten des Schadens und die Zinsen auf diese Kosten. Der Vermieter ist verpflichtet, das Mietobjekt zu versichern, und der Mieter ist verpflichtet, den Vermieter innerhalb von 24 Stunden zu benachrichtigen, wenn ein Schaden im Geb\u00e4ude und seinen Nebengeb\u00e4uden oder zugeh\u00f6rigen Geb\u00e4uden auftritt.  <\/p><p>Der Mieter darf dem Vermieter und\/oder Verwalter den Zugang zum Mietobjekt nicht verweigern, wenn der Vermieter oder sein Vertreter dies verlangt.<\/p><p>Die vorliegenden Allgemeinen Gesch\u00e4ftsbedingungen Azur Pavillon unterliegen dem franz\u00f6sischen Recht.<\/p>\t\t\t\t\t\t\t\t<\/div>\n\t\t\t\t<\/div>\n\t\t\t\t<\/div>\n\t\t\t\t<\/div>\n\t\t","protected":false},"excerpt":{"rendered":"<p>Allgemeine Gesch\u00e4ftsbedingungen Willkommen bei Azur Pavillon! Indem Sie auf unsere Plattform zugreifen oder sie nutzen, erkl\u00e4ren Sie sich mit den folgenden Allgemeinen Gesch\u00e4ftsbedingungen einverstanden und sind an diese gebunden. Bitte lesen Sie diese sorgf\u00e4ltig durch. Allgemeine Bedingungen und Konditionen Die Anmietung erfolgt zu den folgenden allgemeinen Bedingungen : Dauer des Mietzeitraums Die Miete gilt f\u00fcr [&hellip;]<\/p>\n","protected":false},"author":1,"featured_media":654,"parent":0,"menu_order":0,"comment_status":"closed","ping_status":"closed","template":"","meta":{"_acf_changed":false,"footnotes":""},"class_list":["post-423","page","type-page","status-publish","has-post-thumbnail","hentry","entry"],"acf":[],"_links":{"self":[{"href":"https:\/\/azurpavillon.com\/de\/wp-json\/wp\/v2\/pages\/423","targetHints":{"allow":["GET"]}}],"collection":[{"href":"https:\/\/azurpavillon.com\/de\/wp-json\/wp\/v2\/pages"}],"about":[{"href":"https:\/\/azurpavillon.com\/de\/wp-json\/wp\/v2\/types\/page"}],"author":[{"embeddable":true,"href":"https:\/\/azurpavillon.com\/de\/wp-json\/wp\/v2\/users\/1"}],"replies":[{"embeddable":true,"href":"https:\/\/azurpavillon.com\/de\/wp-json\/wp\/v2\/comments?post=423"}],"version-history":[{"count":7,"href":"https:\/\/azurpavillon.com\/de\/wp-json\/wp\/v2\/pages\/423\/revisions"}],"predecessor-version":[{"id":1388,"href":"https:\/\/azurpavillon.com\/de\/wp-json\/wp\/v2\/pages\/423\/revisions\/1388"}],"wp:featuredmedia":[{"embeddable":true,"href":"https:\/\/azurpavillon.com\/de\/wp-json\/wp\/v2\/media\/654"}],"wp:attachment":[{"href":"https:\/\/azurpavillon.com\/de\/wp-json\/wp\/v2\/media?parent=423"}],"curies":[{"name":"wp","href":"https:\/\/api.w.org\/{rel}","templated":true}]}}