{"id":698,"date":"2025-02-04T11:24:41","date_gmt":"2025-02-04T11:24:41","guid":{"rendered":"https:\/\/azurpavillon.com\/uber-uns\/"},"modified":"2025-03-26T10:51:55","modified_gmt":"2025-03-26T10:51:55","slug":"uber-uns","status":"publish","type":"page","link":"https:\/\/azurpavillon.com\/de\/uber-uns\/","title":{"rendered":"Uber Uns"},"content":{"rendered":"\t\t<div data-elementor-type=\"wp-page\" data-elementor-id=\"698\" class=\"elementor elementor-698 elementor-425\">\n\t\t\t\t<div class=\"elementor-element elementor-element-da256a7 e-con-full e-flex e-con e-parent\" data-id=\"da256a7\" data-element_type=\"container\" data-e-type=\"container\">\n\t\t\t\t<div class=\"elementor-element elementor-element-66418d4 elementor-widget elementor-widget-text-editor\" data-id=\"66418d4\" data-element_type=\"widget\" data-e-type=\"widget\" data-widget_type=\"text-editor.default\">\n\t\t\t\t<div class=\"elementor-widget-container\">\n\t\t\t\t\t\t\t\t\t<p><strong>Azur Pavillon Holiday Rental &amp; Real Estate Agency, seit 2010 vor Ort in S\u00fcdfrankreich.<\/strong><\/p>\n\t\t\t\t\t\t\t\t<\/div>\n\t\t\t\t<\/div>\n\t\t\t\t<\/div>\n\t\t<div class=\"elementor-element elementor-element-9fd3a2e e-con-full e-flex e-con e-parent\" data-id=\"9fd3a2e\" data-element_type=\"container\" data-e-type=\"container\">\n\t\t\t\t<div class=\"elementor-element elementor-element-93ba177 elementor-widget elementor-widget-heading\" data-id=\"93ba177\" data-element_type=\"widget\" data-e-type=\"widget\" data-widget_type=\"heading.default\">\n\t\t\t\t<div class=\"elementor-widget-container\">\n\t\t\t\t\t<h3 class=\"elementor-heading-title elementor-size-default\">Unser motiviertes Team<\/h3>\t\t\t\t<\/div>\n\t\t\t\t<\/div>\n\t\t\t\t<\/div>\n\t\t<div class=\"elementor-element elementor-element-263cc57 e-con-full e-flex e-con e-parent\" data-id=\"263cc57\" data-element_type=\"container\" data-e-type=\"container\">\n\t\t\t\t<div class=\"elementor-element elementor-element-bcafc1d elementor-position-right elementor-vertical-align-middle elementor-widget elementor-widget-image-box\" data-id=\"bcafc1d\" data-element_type=\"widget\" data-e-type=\"widget\" data-widget_type=\"image-box.default\">\n\t\t\t\t<div class=\"elementor-widget-container\">\n\t\t\t\t\t<div class=\"elementor-image-box-wrapper\"><figure class=\"elementor-image-box-img\"><img fetchpriority=\"high\" decoding=\"async\" width=\"1753\" height=\"1510\" src=\"https:\/\/azurpavillon.com\/wp-content\/uploads\/2025\/02\/1736184723_Paul-Astrid.jpg\" class=\"attachment-full size-full wp-image-434\" alt=\"\" srcset=\"https:\/\/azurpavillon.com\/wp-content\/uploads\/2025\/02\/1736184723_Paul-Astrid.jpg 1753w, https:\/\/azurpavillon.com\/wp-content\/uploads\/2025\/02\/1736184723_Paul-Astrid-300x258.jpg 300w, https:\/\/azurpavillon.com\/wp-content\/uploads\/2025\/02\/1736184723_Paul-Astrid-1024x882.jpg 1024w, https:\/\/azurpavillon.com\/wp-content\/uploads\/2025\/02\/1736184723_Paul-Astrid-768x662.jpg 768w, https:\/\/azurpavillon.com\/wp-content\/uploads\/2025\/02\/1736184723_Paul-Astrid-1536x1323.jpg 1536w, https:\/\/azurpavillon.com\/wp-content\/uploads\/2025\/02\/1736184723_Paul-Astrid-1568x1351.jpg 1568w\" sizes=\"(max-width: 1753px) 100vw, 1753px\" \/><\/figure><div class=\"elementor-image-box-content\"><h3 class=\"elementor-image-box-title\">Treffen Sie Astrid und Paul Segaar: <\/br> Ihre Experten f\u00fcr Ferienunterk\u00fcnfte in S\u00fcdfrankreich<\/h3><p class=\"elementor-image-box-description\">Wir sind Astrid und Paul Segaar und seit 2009 sind wir stolz darauf, S\u00fcdfrankreich unsere Heimat zu nennen. Mit einem soliden Hintergrund in den Bereichen Hotel-, Restaurant- und Immobilienmanagement haben wir unsere Karriere der Vermittlung der besten Ferienunterk\u00fcnfte an der C\u00f4te d'Azur gewidmet. Mit Sitz in Roquebrune-sur-Argens \u2013 mitten im Herzen S\u00fcdfrankreichs \u2013 inspizieren wir jede Unterkunft pers\u00f6nlich, um sicherzustellen, dass sie unseren hohen Anspr\u00fcchen an Qualit\u00e4t und Komfort gerecht wird.  <\/p><\/div><\/div>\t\t\t\t<\/div>\n\t\t\t\t<\/div>\n\t\t\t\t<div class=\"elementor-element elementor-element-a4c67df elementor-widget elementor-widget-text-editor\" data-id=\"a4c67df\" data-element_type=\"widget\" data-e-type=\"widget\" data-widget_type=\"text-editor.default\">\n\t\t\t\t<div class=\"elementor-widget-container\">\n\t\t\t\t\t\t\t\t\t<h3>Individueller Ferienwohnungs-Service an der C\u00f4te d&#8217;Azur<\/h3>\nWir sind der Meinung, dass ein au\u00dfergew\u00f6hnlicher Service bei der Vermietung von Ferienwohnungen eine pers\u00f6nliche Note erfordert. Unsere langj\u00e4hrigen Beziehungen zu lokalen Immobilienbesitzern erm\u00f6glichen es uns, eine vielf\u00e4ltige Auswahl an Unterk\u00fcnften anzubieten \u2013 von charmanten Apartments bis hin zu luxuri\u00f6sen Villen mit Pool. Wir wissen, dass bei der Buchung einer Ferienwohnung in S\u00fcdfrankreich die Details wichtig sind. Ob es um die Aufteilung der Schlafzimmer f\u00fcr Familien, die Erreichbarkeit des Anwesens oder besondere Dienstleistungen wie Catering oder Babysitting im Haus geht, wir sind hier, um eure Fragen zu beantworten und euch bei der Suche nach dem perfekten Ferienhaus zu helfen.   \t\t\t\t\t\t\t\t<\/div>\n\t\t\t\t<\/div>\n\t\t\t\t<\/div>\n\t\t<div class=\"elementor-element elementor-element-ec8e1f1 e-con-full e-flex e-con e-parent\" data-id=\"ec8e1f1\" data-element_type=\"container\" data-e-type=\"container\">\n\t\t\t\t<div class=\"elementor-element elementor-element-df1ccfb elementor-widget elementor-widget-text-editor\" data-id=\"df1ccfb\" data-element_type=\"widget\" data-e-type=\"widget\" data-widget_type=\"text-editor.default\">\n\t\t\t\t<div class=\"elementor-widget-container\">\n\t\t\t\t\t\t\t\t\t<h3>Den echten C\u00f4te d&#8217;Azur-Lifestyle leben<\/h3>\n<p>Unsere Leidenschaft f\u00fcr die C\u00f4te d&#8217;Azur geht \u00fcber unser Gesch\u00e4ft hinaus \u2013 sie ist eine Lebenseinstellung. Wir verbringen seit Jahren unseren Urlaub in dieser sonnenverw\u00f6hnten Region und haben uns in das glitzernde Meer, den vielen Sonnenschein und die malerischen D\u00f6rfer verliebt. Wir wissen aus erster Hand, was eine Ferienwohnung in S\u00fcdfrankreich wirklich besonders macht. Von der malerischen Sch\u00f6nheit der K\u00fcste bis hin zu den kulturellen Highlights der nahe gelegenen St\u00e4dte wie Cannes, Nizza und Antibes \u2013 wir freuen uns darauf, Ihnen dabei zu helfen, alles zu erleben, was diese unglaubliche Region zu bieten hat.   <\/p>\n<h3>Ferienunterk\u00fcnfte nach Ihren Bed\u00fcrfnissen<\/h3>\n<p>Wir sind bestrebt, ehrliche, detaillierte Objektbeschreibungen und hochwertige Fotos bereitzustellen, damit du deine ideale Ferienwohnung in S\u00fcdfrankreich selbstbewusst ausw\u00e4hlen kannst. Ob du nach einer erschwinglichen Wohnung oder einer luxuri\u00f6sen Villa mit Pool suchst, wir nehmen uns die Zeit, deine spezifischen Bed\u00fcrfnisse und Vorlieben zu verstehen. Wenn du auf unserer Website nicht genau das findest, wonach du suchst, z\u00f6gere bitte nicht, dich an uns zu wenden. Wir stehen dir jederzeit telefonisch oder per E-Mail zur Verf\u00fcgung, um deine Anforderungen zu besprechen und dir bei der Suche nach einer ma\u00dfgeschneiderten Auswahl an Ferienunterk\u00fcnften zu helfen, die sich wie dein eigenes St\u00fcck vom Paradies anf\u00fchlen.   <\/p>\n\t\t\t\t\t\t\t\t<\/div>\n\t\t\t\t<\/div>\n\t\t\t\t<\/div>\n\t\t\t\t<\/div>\n\t\t","protected":false},"excerpt":{"rendered":"<p>Azur Pavillon Holiday Rental &amp; Real Estate Agency, seit 2010 vor Ort in S\u00fcdfrankreich. Unser motiviertes Team Treffen Sie Astrid und Paul Segaar: Ihre Experten f\u00fcr Ferienunterk\u00fcnfte in S\u00fcdfrankreich Wir sind Astrid und Paul Segaar und seit 2009 sind wir stolz darauf, S\u00fcdfrankreich unsere Heimat zu nennen. Mit einem soliden Hintergrund in den Bereichen Hotel-, [&hellip;]<\/p>\n","protected":false},"author":1,"featured_media":1273,"parent":0,"menu_order":0,"comment_status":"closed","ping_status":"closed","template":"","meta":{"_acf_changed":false,"footnotes":""},"class_list":["post-698","page","type-page","status-publish","has-post-thumbnail","hentry","entry"],"acf":[],"_links":{"self":[{"href":"https:\/\/azurpavillon.com\/de\/wp-json\/wp\/v2\/pages\/698","targetHints":{"allow":["GET"]}}],"collection":[{"href":"https:\/\/azurpavillon.com\/de\/wp-json\/wp\/v2\/pages"}],"about":[{"href":"https:\/\/azurpavillon.com\/de\/wp-json\/wp\/v2\/types\/page"}],"author":[{"embeddable":true,"href":"https:\/\/azurpavillon.com\/de\/wp-json\/wp\/v2\/users\/1"}],"replies":[{"embeddable":true,"href":"https:\/\/azurpavillon.com\/de\/wp-json\/wp\/v2\/comments?post=698"}],"version-history":[{"count":8,"href":"https:\/\/azurpavillon.com\/de\/wp-json\/wp\/v2\/pages\/698\/revisions"}],"predecessor-version":[{"id":1232,"href":"https:\/\/azurpavillon.com\/de\/wp-json\/wp\/v2\/pages\/698\/revisions\/1232"}],"wp:featuredmedia":[{"embeddable":true,"href":"https:\/\/azurpavillon.com\/de\/wp-json\/wp\/v2\/media\/1273"}],"wp:attachment":[{"href":"https:\/\/azurpavillon.com\/de\/wp-json\/wp\/v2\/media?parent=698"}],"curies":[{"name":"wp","href":"https:\/\/api.w.org\/{rel}","templated":true}]}}