{"id":711,"date":"2025-02-04T18:29:55","date_gmt":"2025-02-04T18:29:55","guid":{"rendered":"https:\/\/azurpavillon.com\/vermiete-dein-objekt\/"},"modified":"2025-03-26T10:56:04","modified_gmt":"2025-03-26T10:56:04","slug":"vermiete-dein-objekt","status":"publish","type":"page","link":"https:\/\/azurpavillon.com\/de\/vermiete-dein-objekt\/","title":{"rendered":"Inserieren Sie Ihre Ferienimmobilie"},"content":{"rendered":"\t\t<div data-elementor-type=\"wp-page\" data-elementor-id=\"711\" class=\"elementor elementor-711 elementor-465\">\n\t\t\t\t<div class=\"elementor-element elementor-element-46ea46c e-con-full e-flex e-con e-parent\" data-id=\"46ea46c\" data-element_type=\"container\" data-e-type=\"container\">\n\t\t\t\t<div class=\"elementor-element elementor-element-15d9ea4 elementor-widget elementor-widget-text-editor\" data-id=\"15d9ea4\" data-element_type=\"widget\" data-e-type=\"widget\" data-widget_type=\"text-editor.default\">\n\t\t\t\t<div class=\"elementor-widget-container\">\n\t\t\t\t\t\t\t\t\t<h3>Verwandeln Sie Ihre Ferienunterkunft in eine profitable Einnahmequelle<\/h3>\n<p>Der Besitz einer Ferienwohnung, eines Hauses oder einer Villa in S\u00fcdfrankreich ist eine bedeutende Investition. Wir helfen Ihnen dabei, Ihr Eigentum in eine stetige Einnahmequelle zu verwandeln und gleichzeitig den t\u00e4glichen Aufwand zu minimieren. Mit \u00fcber 15 Jahren zuverl\u00e4ssiger Erfahrung in der Ferienvermietung <span class=\"s1\">und -verwaltung <\/span>bietet Azur Pavillon Eigent\u00fcmern eines Ferienhauses in unserer Region folgende M\u00f6glichkeiten:<\/p>\n\t\t\t\t\t\t\t\t<\/div>\n\t\t\t\t<\/div>\n\t\t\t\t<\/div>\n\t\t<div class=\"elementor-element elementor-element-341fd87 e-con-full e-flex e-con e-parent\" data-id=\"341fd87\" data-element_type=\"container\" data-e-type=\"container\">\n\t\t\t\t<div class=\"elementor-element elementor-element-7d4fbc0 elementor-widget elementor-widget-text-editor\" data-id=\"7d4fbc0\" data-element_type=\"widget\" data-e-type=\"widget\" data-widget_type=\"text-editor.default\">\n\t\t\t\t<div class=\"elementor-widget-container\">\n\t\t\t\t\t\t\t\t\t<p><b>1.<\/b> <b>Agentur f\u00fcr Ferienvermietung <\/b> <\/p>\n<p class=\"p1\"><b>2. Mieter-Management<\/b><\/p>\n<p class=\"p1\"><b>3. Hausverwaltungsdienst<\/b><\/p>\n\t\t\t\t\t\t\t\t<\/div>\n\t\t\t\t<\/div>\n\t\t\t\t<\/div>\n\t\t<div class=\"elementor-element elementor-element-a95ae38 e-con-full e-flex e-con e-parent\" data-id=\"a95ae38\" data-element_type=\"container\" data-e-type=\"container\">\n\t\t\t\t<div class=\"elementor-element elementor-element-9ff058a elementor-widget elementor-widget-text-editor\" data-id=\"9ff058a\" data-element_type=\"widget\" data-e-type=\"widget\" data-widget_type=\"text-editor.default\">\n\t\t\t\t<div class=\"elementor-widget-container\">\n\t\t\t\t\t\t\t\t\t<h3 class=\"p1\">Agentur f\u00fcr Ferienvermietung<\/h3>\n<p class=\"p1\">\u00dcber unsere Website <a href=\"http:\/\/www.azurpavillon.com\/\"><span class=\"s1\">www.azurpavillon.com<\/span><\/a> inserieren wir verschiedene H\u00e4user, Wohnungen und Luxusvillen auf Franz\u00f6sisch, Englisch, Deutsch und Niederl\u00e4ndisch auf dem skandinavischen, franz\u00f6sischen, niederl\u00e4ndischen, belgischen, deutschen, schweizerischen, \u00f6sterreichischen und luxemburgischen Markt. Wir verschicken Newsletter und bezahlen f\u00fcr Anzeigen in den oben genannten L\u00e4ndern. <\/p>\n<p class=\"p1\">Wir organisieren den gesamten Buchungsprozess von der Anfrage \u00fcber die Zusendung zus\u00e4tzlicher Informationen, den Telefon- und E-Mail-Kontakt mit potenziellen Mietern, die Reservierung, den Versand von Best\u00e4tigungen, die Organisation der Kaution und die finanzielle Abwicklung.<\/p>\n\t\t\t\t\t\t\t\t<\/div>\n\t\t\t\t<\/div>\n\t\t\t\t<\/div>\n\t\t<div class=\"elementor-element elementor-element-1492451 e-con-full e-flex e-con e-parent\" data-id=\"1492451\" data-element_type=\"container\" data-e-type=\"container\">\n\t\t\t\t<div class=\"elementor-element elementor-element-a4df6d7 elementor-widget elementor-widget-text-editor\" data-id=\"a4df6d7\" data-element_type=\"widget\" data-e-type=\"widget\" data-widget_type=\"text-editor.default\">\n\t\t\t\t<div class=\"elementor-widget-container\">\n\t\t\t\t\t\t\t\t\t<h3 class=\"p1\">Mieter-Management<\/h3>\n<p class=\"p1\">Mieterverwaltung f\u00fcr Ihr Ferienhaus in Frankreich bedeutet, dass Azur Pavillon alles f\u00fcr Ihre Mieter organisiert, wenn Sie Ihr Ferienhaus vermieten. Auch bei der Vermietung \u00fcber andere Agenturen, Internetplattformen oder wenn Sie Ihre eigenen Reservierungen vornehmen, k\u00f6nnen wir Ihr Organisator &#8218;vor Ort&#8216; f\u00fcr das Tenant Management sein. <\/p>\n<p class=\"p1\">Die <span class=\"s1\">Mieterverwaltung<\/span> beinhaltet, dass Azur Pavillon w\u00e4hrend des gesamten Aufenthalts der Mieter rund um die Uhr ihr pers\u00f6nlicher Ansprechpartner und Serviceschalter sein wird. Ein sicheres und angenehmes Gef\u00fchl f\u00fcr Sie und unsere Mieter! <\/p>\n<p class=\"p1\">Die Mieterverwaltung umfasst die folgenden Aktivit\u00e4ten:<\/p>\n<p class=\"p1\"><b>Vor der Ankunft der G\u00e4ste:  <\/b><b><\/b><\/p>\n<ul>\n<li class=\"p1\">Bereiten Sie die Immobilie f\u00fcr die Mieter vor;<\/li>\n<li class=\"p1\">Endkontrolle der Reinigung;<\/li>\n<li class=\"p1\">\u00d6ffnen Sie die Fensterl\u00e4den;<\/li>\n<li class=\"p1\">Die Kontrollbetten sind aufger\u00e4umt und gemacht;<\/li>\n<li class=\"p1\">\u00dcberwachung der Anwesenheit von Handt\u00fcchern und anderer W\u00e4sche;<\/li>\n<\/ul>\n<p class=\"p1\"><strong>Wahlweise:<\/strong><\/p>\n<ul>\n<li class=\"p1\">Stellen Sie eine gek\u00fchlte Flasche Ros\u00e9 auf das Grundst\u00fcck;<\/li>\n<li class=\"p1\">Einstellen der Klimaanlage \/ Heizung \/ Poolheizung;  <\/li>\n<\/ul>\n<p class=\"p1\"><b>Ankunft der G\u00e4ste:<\/b><b><\/b><\/p>\n<ul>\n<li class=\"p1\">Empfang <span class=\"s1\">auf dem Grundst\u00fcck<\/span> und Erkl\u00e4rung des Hauses;<\/li>\n<li class=\"p1\">Informationen \u00fcber die Umgebung, Gesch\u00e4fte usw.<\/li>\n<\/ul>\n<p class=\"p1\"><b><span class=\"Apple-converted-space\">            <\/span><br \/>W\u00e4hrend des Aufenthaltes der G\u00e4ste:<\/b><b><\/b><\/p>\n<ul>\n<li class=\"p1\">F\u00fcr alle Fragen und Notf\u00e4lle zur Verf\u00fcgung stehen;  <\/li>\n<\/ul>\n<p class=\"p1\"><b>Abreise der G\u00e4ste:<\/b><b><\/b><\/p>\n<ul>\n<li class=\"p1\">Kontrollieren Sie gemeinsam mit den Mietern der gemieteten Immobilie;<\/li>\n<li class=\"p1\">Entgegennahme der Schl\u00fcssel;<\/li>\n<li class=\"p1\">Koordinierung der Reinigung und der W\u00e4sche nach der Abreise der Mieter (siehe auch sonstige Kosten);<\/li>\n<li class=\"p1\">Kurzer Bericht per E-Mail an den Eigent\u00fcmer bei Problemen, zur R\u00fcckerstattung der Kaution an den Mieter.  <\/li>\n<\/ul>\n<h3 class=\"p2\">Hausverwaltungsservice<b><\/b><\/h3>\n<p class=\"p1\">W\u00e4hrend unserer Arbeit im Bereich Management &amp; Mieterverwaltung in den letzten Jahren haben wir festgestellt, dass Eigent\u00fcmer von Ferienimmobilien diese Dienstleistungen und unsere Beziehungen zu lokalen Unternehmen ebenfalls gerne in Anspruch nehmen.<\/p>\n<p class=\"p1\">Dienstleistungen wie die telefonische Kl\u00e4rung von Problemen mit: -dem Internet, -unserem Klempner, -Elektriker, -Bauunternehmer und anderen bestehenden Kontakten, die wir im Laufe der Jahre aufgebaut haben. Dieses Organisieren und Nachfassen nimmt viel Zeit in Anspruch. Damit wir nicht f\u00fcr jede E-Mail, jeden Anruf usw. oder jeden Besuch in der Immobilie eine Rechnung stellen m\u00fcssen, bieten wir &#8218;unseren&#8216; Eigent\u00fcmern ein Hausverwaltungsservice-Abonnement f\u00fcr eine Pauschalgeb\u00fchr an. <\/p>\n<h3 class=\"p2\">Kundenorientierung<\/h3>\n<p class=\"p1\">Wir wissen, dass sich jederzeit Chancen ergeben k\u00f6nnen. Deshalb sind wir 7 Tage in der Woche f\u00fcr Sie da<span class=\"s2\">. <\/span>Ganz gleich, in welcher Zeitzone sich Ihr potenzieller Gast befindet, wir verpassen nie eine Gelegenheit, Ihr Objekt zu buchen.<\/p>\n\t\t\t\t\t\t\t\t<\/div>\n\t\t\t\t<\/div>\n\t\t\t\t<\/div>\n\t\t<div class=\"elementor-element elementor-element-e4bdcdb e-con-full e-flex e-con e-parent\" data-id=\"e4bdcdb\" data-element_type=\"container\" data-e-type=\"container\">\n\t\t\t\t<div class=\"elementor-element elementor-element-0af9064 elementor-widget elementor-widget-text-editor\" data-id=\"0af9064\" data-element_type=\"widget\" data-e-type=\"widget\" data-widget_type=\"text-editor.default\">\n\t\t\t\t<div class=\"elementor-widget-container\">\n\t\t\t\t\t\t\t\t\t<h3>Sind Sie bereit, Ihre Ferienunterkunft aufzulisten?<\/h3>\n<p>Wenn Sie Ihre Ferienwohnung, Ihr Haus oder Ihre Villa f\u00fcr sich arbeiten lassen m\u00f6chten, wenden Sie sich noch heute an unser Vermietungsteam. Wir beantworten Ihre Fragen, f\u00fchren Sie durch den Prozess und stellen sicher, dass Ihre Immobilie ihr volles Ertragspotenzial aussch\u00f6pft \u2013 und das alles, w\u00e4hrend Sie das Beste genie\u00dfen, was S\u00fcdfrankreich zu bieten hat. <\/p>\n<p><strong>Kontaktieren Sie uns:<\/strong><\/p>\n<ul>\n<li><strong>Email:<\/strong> <a href=\"mailto:info@azurpavillon.com\">info@azurpavillon.com<\/a><\/li>\n<li><strong>Phone:<\/strong> +33 (0) 669 272 908<\/li>\n<\/ul>\n<p>Entdecken Sie, wie m\u00fchelos und lohnend die Verwaltung von Immobilienvermietungen mit Azur Pavillon sein kann. Lassen Sie uns Ihnen helfen, Ihre Investition zu maximieren und gleichzeitig Ihre Immobilie in einem tadellosen Zustand zu halten, und das alles mit dem pers\u00f6nlichen, engagierten Service, den Sie verdienen.<\/p>\n\t\t\t\t\t\t\t\t<\/div>\n\t\t\t\t<\/div>\n\t\t\t\t<\/div>\n\t\t\t\t<\/div>\n\t\t","protected":false},"excerpt":{"rendered":"<p>Verwandeln Sie Ihre Ferienunterkunft in eine profitable Einnahmequelle Der Besitz einer Ferienwohnung, eines Hauses oder einer Villa in S\u00fcdfrankreich ist eine bedeutende Investition. Wir helfen Ihnen dabei, Ihr Eigentum in eine stetige Einnahmequelle zu verwandeln und gleichzeitig den t\u00e4glichen Aufwand zu minimieren. Mit \u00fcber 15 Jahren zuverl\u00e4ssiger Erfahrung in der Ferienvermietung und -verwaltung bietet Azur [&hellip;]<\/p>\n","protected":false},"author":1,"featured_media":1261,"parent":0,"menu_order":0,"comment_status":"closed","ping_status":"closed","template":"","meta":{"_acf_changed":false,"footnotes":""},"class_list":["post-711","page","type-page","status-publish","has-post-thumbnail","hentry","entry"],"acf":[],"_links":{"self":[{"href":"https:\/\/azurpavillon.com\/de\/wp-json\/wp\/v2\/pages\/711","targetHints":{"allow":["GET"]}}],"collection":[{"href":"https:\/\/azurpavillon.com\/de\/wp-json\/wp\/v2\/pages"}],"about":[{"href":"https:\/\/azurpavillon.com\/de\/wp-json\/wp\/v2\/types\/page"}],"author":[{"embeddable":true,"href":"https:\/\/azurpavillon.com\/de\/wp-json\/wp\/v2\/users\/1"}],"replies":[{"embeddable":true,"href":"https:\/\/azurpavillon.com\/de\/wp-json\/wp\/v2\/comments?post=711"}],"version-history":[{"count":3,"href":"https:\/\/azurpavillon.com\/de\/wp-json\/wp\/v2\/pages\/711\/revisions"}],"predecessor-version":[{"id":1171,"href":"https:\/\/azurpavillon.com\/de\/wp-json\/wp\/v2\/pages\/711\/revisions\/1171"}],"wp:featuredmedia":[{"embeddable":true,"href":"https:\/\/azurpavillon.com\/de\/wp-json\/wp\/v2\/media\/1261"}],"wp:attachment":[{"href":"https:\/\/azurpavillon.com\/de\/wp-json\/wp\/v2\/media?parent=711"}],"curies":[{"name":"wp","href":"https:\/\/api.w.org\/{rel}","templated":true}]}}