{"id":740,"date":"2025-02-04T20:47:16","date_gmt":"2025-02-04T20:47:16","guid":{"rendered":"https:\/\/azurpavillon.com\/hausbesitzer\/"},"modified":"2025-03-26T10:57:58","modified_gmt":"2025-03-26T10:57:58","slug":"hausbesitzer","status":"publish","type":"page","link":"https:\/\/azurpavillon.com\/de\/hausbesitzer\/","title":{"rendered":"Eine Immobilie verkaufen"},"content":{"rendered":"\t\t<div data-elementor-type=\"wp-page\" data-elementor-id=\"740\" class=\"elementor elementor-740 elementor-494\">\n\t\t\t\t<div class=\"elementor-element elementor-element-3ff4203 e-con-full e-flex e-con e-parent\" data-id=\"3ff4203\" data-element_type=\"container\" data-e-type=\"container\">\n\t\t\t\t<div class=\"elementor-element elementor-element-f538783 elementor-widget elementor-widget-heading\" data-id=\"f538783\" data-element_type=\"widget\" data-e-type=\"widget\" data-widget_type=\"heading.default\">\n\t\t\t\t<div class=\"elementor-widget-container\">\n\t\t\t\t\t<h3 class=\"elementor-heading-title elementor-size-default\">Ich besitze eine Immobilie an der C\u00f4te d'Azur\n<\/h3>\t\t\t\t<\/div>\n\t\t\t\t<\/div>\n\t\t\t\t<div class=\"elementor-element elementor-element-64fe006 elementor-widget elementor-widget-text-editor\" data-id=\"64fe006\" data-element_type=\"widget\" data-e-type=\"widget\" data-widget_type=\"text-editor.default\">\n\t\t\t\t<div class=\"elementor-widget-container\">\n\t\t\t\t\t\t\t\t\t<p>Do you own a property in the breathtaking C\u00f4te d\u2019Azur? Azur Pavillon would love to discuss the selling and rental possibilities available exclusively in this spectacular region. <\/p>\n\t\t\t\t\t\t\t\t<\/div>\n\t\t\t\t<\/div>\n\t\t\t\t<\/div>\n\t\t<div class=\"elementor-element elementor-element-c9571c1 e-con-full e-flex e-con e-parent\" data-id=\"c9571c1\" data-element_type=\"container\" data-e-type=\"container\">\n\t\t\t\t<div class=\"elementor-element elementor-element-dc81c10 elementor-widget elementor-widget-heading\" data-id=\"dc81c10\" data-element_type=\"widget\" data-e-type=\"widget\" data-widget_type=\"heading.default\">\n\t\t\t\t<div class=\"elementor-widget-container\">\n\t\t\t\t\t<h3 class=\"elementor-heading-title elementor-size-default\">Werbung in ganz Europa<\/h3>\t\t\t\t<\/div>\n\t\t\t\t<\/div>\n\t\t\t\t<div class=\"elementor-element elementor-element-5ee75e6 elementor-widget elementor-widget-text-editor\" data-id=\"5ee75e6\" data-element_type=\"widget\" data-e-type=\"widget\" data-widget_type=\"text-editor.default\">\n\t\t\t\t<div class=\"elementor-widget-container\">\n\t\t\t\t\t\t\t\t\t<p>Sobald wir einen Verkaufsauftrag erhalten haben, machen wir Fotos, schreiben einen Text und bieten die Immobilie \u00fcber unsere Vertriebskan\u00e4le zum Verkauf an. Dies geschieht standardm\u00e4\u00dfig in vier Sprachen: Franz\u00f6sisch, Deutsch, Englisch und Niederl\u00e4ndisch. Neben der Schaltung der Anzeige auf unseren eigenen Websites in Frankreich, Belgien, Deutschland und den Niederlanden wird Azur Pavillon in verschiedenen Zeitschriften inserieren und die Immobilie auch unseren verschiedenen Kooperationspartnern in Frankreich, England, Skandinavien, den Niederlanden und Belgien zum Kauf anbieten. Dies geschieht unter Verwendung der von Azur Pavillon zur Verf\u00fcgung gestellten Texte und Fotos.   <\/p>\n\t\t\t\t\t\t\t\t<\/div>\n\t\t\t\t<\/div>\n\t\t\t\t<\/div>\n\t\t<div class=\"elementor-element elementor-element-3130dfa e-con-full e-flex e-con e-parent\" data-id=\"3130dfa\" data-element_type=\"container\" data-e-type=\"container\">\n\t\t\t\t<div class=\"elementor-element elementor-element-734e779 elementor-widget elementor-widget-heading\" data-id=\"734e779\" data-element_type=\"widget\" data-e-type=\"widget\" data-widget_type=\"heading.default\">\n\t\t\t\t<div class=\"elementor-widget-container\">\n\t\t\t\t\t<h3 class=\"elementor-heading-title elementor-size-default\">Key Benefits for C\u00f4te d\u2019Azur Property Owners:<\/h3>\t\t\t\t<\/div>\n\t\t\t\t<\/div>\n\t\t\t\t<div class=\"elementor-element elementor-element-2c0e36c elementor-widget elementor-widget-text-editor\" data-id=\"2c0e36c\" data-element_type=\"widget\" data-e-type=\"widget\" data-widget_type=\"text-editor.default\">\n\t\t\t\t<div class=\"elementor-widget-container\">\n\t\t\t\t\t\t\t\t\t<ul>\n<li><strong>Kompetenz auf dem lokalen Markt:<\/strong> Dank unserer fundierten Kenntnisse der C\u00f4te d&#8217;Azur verstehen wir die einzigartige Dynamik der Region und k\u00f6nnen Ihre Immobilie so positionieren, dass sie die richtigen K\u00e4ufer anzieht.<\/li>\n<li><strong>Tailored Marketing:<\/strong> We develop bespoke marketing strategies that highlight your property\u2019s unique features and charm, reaching motivated buyers directly.<\/li>\n<li><strong>Expert Negotiation:<\/strong> With our experienced team on your side, you can expect professional handling of every step of the selling process.<\/li>\n<\/ul>\n\t\t\t\t\t\t\t\t<\/div>\n\t\t\t\t<\/div>\n\t\t\t\t<\/div>\n\t\t<div class=\"elementor-element elementor-element-d9ff854 e-con-full e-flex e-con e-parent\" data-id=\"d9ff854\" data-element_type=\"container\" data-e-type=\"container\">\n\t\t\t\t<div class=\"elementor-element elementor-element-568d3b1 elementor-widget elementor-widget-heading\" data-id=\"568d3b1\" data-element_type=\"widget\" data-e-type=\"widget\" data-widget_type=\"heading.default\">\n\t\t\t\t<div class=\"elementor-widget-container\">\n\t\t\t\t\t<h3 class=\"elementor-heading-title elementor-size-default\">Obligatorische Inspektionen<\/h3>\t\t\t\t<\/div>\n\t\t\t\t<\/div>\n\t\t\t\t<div class=\"elementor-element elementor-element-98a9c23 elementor-widget elementor-widget-text-editor\" data-id=\"98a9c23\" data-element_type=\"widget\" data-e-type=\"widget\" data-widget_type=\"text-editor.default\">\n\t\t\t\t<div class=\"elementor-widget-container\">\n\t\t\t\t\t\t\t\t\t<p>Beim Verkauf einer Immobilie in Frankreich ist der Verk\u00e4ufer verpflichtet, eine Reihe von Inspektionen und Gutachten durchf\u00fchren zu lassen. Bei Wohnungen und H\u00e4usern in Gemeinschaftseigentum, wie z.B. in Domaines, m\u00fcssen die bewohnbaren Quadratmeter gemessen werden. Zu den weiteren &#8218;Diagnosetechniken&#8216; und Inspektionen geh\u00f6ren: \u00dcberpr\u00fcfung auf Blei, Asbest, Gasanschl\u00fcsse, Elektrizit\u00e4t, Termiten, Anschluss an die Kanalisation, Energieverbrauch und nat\u00fcrliche Risiken wie Waldbr\u00e4nde, Erdbeben, \u00dcberschwemmungen und andere Umweltinformationen.  <\/p>\n\t\t\t\t\t\t\t\t<\/div>\n\t\t\t\t<\/div>\n\t\t\t\t<\/div>\n\t\t<div class=\"elementor-element elementor-element-e86cc2f e-con-full e-flex e-con e-parent\" data-id=\"e86cc2f\" data-element_type=\"container\" data-e-type=\"container\">\n\t\t\t\t<div class=\"elementor-element elementor-element-724f527 elementor-widget elementor-widget-heading\" data-id=\"724f527\" data-element_type=\"widget\" data-e-type=\"widget\" data-widget_type=\"heading.default\">\n\t\t\t\t<div class=\"elementor-widget-container\">\n\t\t\t\t\t<h3 class=\"elementor-heading-title elementor-size-default\">Unser Sales Suport umfasst:<\/h3>\t\t\t\t<\/div>\n\t\t\t\t<\/div>\n\t\t\t\t<div class=\"elementor-element elementor-element-02baed7 elementor-widget elementor-widget-text-editor\" data-id=\"02baed7\" data-element_type=\"widget\" data-e-type=\"widget\" data-widget_type=\"text-editor.default\">\n\t\t\t\t<div class=\"elementor-widget-container\">\n\t\t\t\t\t\t\t\t\t<ul>\n<li><strong>Obligatorische Inspektionen:<\/strong> Vereinbaren Sie Termine f\u00fcr diese obligatorischen Inspektionen. Die Berichte m\u00fcssen von anerkannten Fachleuten erstellt werden und (potenziellen) K\u00e4ufern des Hauses zur Einsichtnahme zur Verf\u00fcgung gestellt werden. Dies ist eine Verpflichtung, die f\u00fcr jede zum Verkauf angebotene Immobilie gilt.  <\/li>\n<li><strong>Eine Sch\u00e4tzung des Wertes Ihres Hauses:<\/strong> Wir empfehlen die richtige Preisvorstellung, die mit Informationen \u00fcber die j\u00fcngsten Verk\u00e4ufe und das aktuelle Angebot an vergleichbaren Immobilien in der Region untermauert ist.<\/li>\n<li><strong>Werbung \u00fcber Websites und Zeitschriften in Frankreich und Europa:<\/strong> Unsere einzigartige Zusammenarbeit mit Partnern in ganz Europa bietet viele Vorteile f\u00fcr den Verk\u00e4ufer.<\/li>\n<\/ul>\n\t\t\t\t\t\t\t\t<\/div>\n\t\t\t\t<\/div>\n\t\t\t\t<\/div>\n\t\t<div class=\"elementor-element elementor-element-f700ee7 e-con-full e-flex e-con e-parent\" data-id=\"f700ee7\" data-element_type=\"container\" data-e-type=\"container\">\n\t\t\t\t<div class=\"elementor-element elementor-element-3fe3d09 elementor-widget elementor-widget-heading\" data-id=\"3fe3d09\" data-element_type=\"widget\" data-e-type=\"widget\" data-widget_type=\"heading.default\">\n\t\t\t\t<div class=\"elementor-widget-container\">\n\t\t\t\t\t<h3 class=\"elementor-heading-title elementor-size-default\">Why Choose Azur Pavillon?<\/h3>\t\t\t\t<\/div>\n\t\t\t\t<\/div>\n\t\t\t\t<div class=\"elementor-element elementor-element-8c0a0e3 elementor-widget elementor-widget-text-editor\" data-id=\"8c0a0e3\" data-element_type=\"widget\" data-e-type=\"widget\" data-widget_type=\"text-editor.default\">\n\t\t\t\t<div class=\"elementor-widget-container\">\n\t\t\t\t\t\t\t\t\t<ul>\n<li><strong>Lokale Expertise:<\/strong> Astrid Segaar ist Expert Immobilier\/Gutachterin und abgesehen vom Wert der Immobilie kennen sie und unser Team die C\u00f4te d&#8217;Azur in- und auswendig.<\/li>\n<li><strong>Wir sind tief in der Region verwurzelt<\/strong> und verstehen ihren einzigartigen Lebensstil und Immobilienmarkt.<\/li>\n<li><strong>Pers\u00f6nlicher Service:<\/strong> Im Gegensatz zu vielen gr\u00f6\u00dferen Immobilienagenturen und -ketten sind wir stolz auf unseren pers\u00f6nlichen Ansatz. Wir arrangieren pers\u00f6nliche Besichtigungen und nehmen uns die Zeit, den potenziellen K\u00e4ufer zu informieren. Als Verk\u00e4ufer werden Sie nach jeder Besichtigung umfassend informiert und auf dem Laufenden gehalten.  <\/li>\n<li><strong>(Fast) immer verf\u00fcgbar:<\/strong> Wir leben und arbeiten an der C\u00f4te d&#8217;Azur und sind 7 Tage die Woche verf\u00fcgbar.  <\/li>\n<\/ul>\n\t\t\t\t\t\t\t\t<\/div>\n\t\t\t\t<\/div>\n\t\t\t\t<\/div>\n\t\t<div class=\"elementor-element elementor-element-4bf6d4e e-con-full e-flex e-con e-parent\" data-id=\"4bf6d4e\" data-element_type=\"container\" data-e-type=\"container\">\n\t\t\t\t<div class=\"elementor-element elementor-element-556bda3 elementor-widget elementor-widget-heading\" data-id=\"556bda3\" data-element_type=\"widget\" data-e-type=\"widget\" data-widget_type=\"heading.default\">\n\t\t\t\t<div class=\"elementor-widget-container\">\n\t\t\t\t\t<h3 class=\"elementor-heading-title elementor-size-default\">Get in Touch<\/h3>\t\t\t\t<\/div>\n\t\t\t\t<\/div>\n\t\t\t\t<div class=\"elementor-element elementor-element-297bb14 elementor-widget elementor-widget-text-editor\" data-id=\"297bb14\" data-element_type=\"widget\" data-e-type=\"widget\" data-widget_type=\"text-editor.default\">\n\t\t\t\t<div class=\"elementor-widget-container\">\n\t\t\t\t\t\t\t\t\t<p>Wenn Sie eine Immobilie an der C\u00f4te d&#8217;Azur besitzen und daran interessiert sind, deren Verkaufs- oder Vermietungspotenzial zu erkunden, kontaktieren Sie Azur Pavillon noch heute. Lassen Sie uns Ihnen helfen, den vollen Wert Ihrer Investition mit unserer bew\u00e4hrten Expertise und unserem engagierten Service vor Ort zu erschlie\u00dfen.<\/p>\n<p><strong>Contact Us:<\/strong><\/p>\n<ul>\n<li><strong>Email:<\/strong> <a rel=\"noopener\">info@azurpavillon.com<\/a><\/li>\n<li><strong>Phone:<\/strong> +33 (0) 669 272 908<\/li>\n<\/ul>\n<p>Discover how Azur Pavillon can make a significant difference in the success of your property venture in the stunning C\u00f4te d\u2019Azur.<\/p>\n\t\t\t\t\t\t\t\t<\/div>\n\t\t\t\t<\/div>\n\t\t\t\t<\/div>\n\t\t\t\t<\/div>\n\t\t","protected":false},"excerpt":{"rendered":"<p>Ich besitze eine Immobilie an der C\u00f4te d&#8217;Azur Do you own a property in the breathtaking C\u00f4te d\u2019Azur? Azur Pavillon would love to discuss the selling and rental possibilities available exclusively in this spectacular region. Werbung in ganz Europa Sobald wir einen Verkaufsauftrag erhalten haben, machen wir Fotos, schreiben einen Text und bieten die Immobilie [&hellip;]<\/p>\n","protected":false},"author":1,"featured_media":1265,"parent":0,"menu_order":0,"comment_status":"closed","ping_status":"closed","template":"","meta":{"_acf_changed":false,"footnotes":""},"class_list":["post-740","page","type-page","status-publish","has-post-thumbnail","hentry","entry"],"acf":[],"_links":{"self":[{"href":"https:\/\/azurpavillon.com\/de\/wp-json\/wp\/v2\/pages\/740","targetHints":{"allow":["GET"]}}],"collection":[{"href":"https:\/\/azurpavillon.com\/de\/wp-json\/wp\/v2\/pages"}],"about":[{"href":"https:\/\/azurpavillon.com\/de\/wp-json\/wp\/v2\/types\/page"}],"author":[{"embeddable":true,"href":"https:\/\/azurpavillon.com\/de\/wp-json\/wp\/v2\/users\/1"}],"replies":[{"embeddable":true,"href":"https:\/\/azurpavillon.com\/de\/wp-json\/wp\/v2\/comments?post=740"}],"version-history":[{"count":5,"href":"https:\/\/azurpavillon.com\/de\/wp-json\/wp\/v2\/pages\/740\/revisions"}],"predecessor-version":[{"id":1226,"href":"https:\/\/azurpavillon.com\/de\/wp-json\/wp\/v2\/pages\/740\/revisions\/1226"}],"wp:featuredmedia":[{"embeddable":true,"href":"https:\/\/azurpavillon.com\/de\/wp-json\/wp\/v2\/media\/1265"}],"wp:attachment":[{"href":"https:\/\/azurpavillon.com\/de\/wp-json\/wp\/v2\/media?parent=740"}],"curies":[{"name":"wp","href":"https:\/\/api.w.org\/{rel}","templated":true}]}}