{"id":765,"date":"2025-02-04T20:58:45","date_gmt":"2025-02-04T20:58:45","guid":{"rendered":"https:\/\/azurpavillon.com\/immobilienverwaltung\/"},"modified":"2025-03-26T10:50:11","modified_gmt":"2025-03-26T10:50:11","slug":"immobilienverwaltung","status":"publish","type":"page","link":"https:\/\/azurpavillon.com\/de\/immobilienverwaltung\/","title":{"rendered":"\u00dcber Azur Pavillon"},"content":{"rendered":"\t\t<div data-elementor-type=\"wp-page\" data-elementor-id=\"765\" class=\"elementor elementor-765 elementor-503\">\n\t\t\t\t<div class=\"elementor-element elementor-element-c66cd64 e-con-full e-flex e-con e-parent\" data-id=\"c66cd64\" data-element_type=\"container\" data-e-type=\"container\">\n\t\t\t\t<div class=\"elementor-element elementor-element-c3daf71 elementor-widget elementor-widget-heading\" data-id=\"c3daf71\" data-element_type=\"widget\" data-e-type=\"widget\" data-widget_type=\"heading.default\">\n\t\t\t\t<div class=\"elementor-widget-container\">\n\t\t\t\t\t<h3 class=\"elementor-heading-title elementor-size-default\">Ferienwohnungen und -verwaltung an der C\u00f4te d'Azur<\/h3>\t\t\t\t<\/div>\n\t\t\t\t<\/div>\n\t\t\t\t<div class=\"elementor-element elementor-element-4a66366 elementor-widget elementor-widget-text-editor\" data-id=\"4a66366\" data-element_type=\"widget\" data-e-type=\"widget\" data-widget_type=\"text-editor.default\">\n\t\t\t\t<div class=\"elementor-widget-container\">\n\t\t\t\t\t\t\t\t\t<p>Nach einem Rekordjahr voller Erfolg freuen wir uns mehr denn je auf den Start der n\u00e4chsten Vermietungssaison. Wir bei Azur Pavillon sind stolz darauf, ein umfangreiches Portfolio an Ferienunterk\u00fcnften anzubieten, darunter Apartments, H\u00e4user und Villen, und stellen sicher, dass wir die perfekte Unterkunft f\u00fcr deinen Traumurlaub an der C\u00f4te d&#8217;Azur haben. <\/p>\n\t\t\t\t\t\t\t\t<\/div>\n\t\t\t\t<\/div>\n\t\t\t\t<\/div>\n\t\t<div class=\"elementor-element elementor-element-a9b0ee4 e-con-full e-flex e-con e-parent\" data-id=\"a9b0ee4\" data-element_type=\"container\" data-e-type=\"container\">\n\t\t\t\t<div class=\"elementor-element elementor-element-f3b18d7 elementor-widget elementor-widget-heading\" data-id=\"f3b18d7\" data-element_type=\"widget\" data-e-type=\"widget\" data-widget_type=\"heading.default\">\n\t\t\t\t<div class=\"elementor-widget-container\">\n\t\t\t\t\t<h3 class=\"elementor-heading-title elementor-size-default\">Un\u00fcbertroffene Auswahl an Ferienunterk\u00fcnften<\/h3>\t\t\t\t<\/div>\n\t\t\t\t<\/div>\n\t\t\t\t<div class=\"elementor-element elementor-element-1f28b06 elementor-widget elementor-widget-text-editor\" data-id=\"1f28b06\" data-element_type=\"widget\" data-e-type=\"widget\" data-widget_type=\"text-editor.default\">\n\t\t\t\t<div class=\"elementor-widget-container\">\n\t\t\t\t\t\t\t\t\t<p>Mit mehr verf\u00fcgbaren Objekten als je zuvor ist unsere Sammlung sorgf\u00e4ltig zusammengestellt, um jedem Geschmack und Budget gerecht zu werden. Ob du nach einer gem\u00fctlichen Wohnung, einem charmanten Haus oder einer luxuri\u00f6sen Villa suchst, du kannst sicher sein, dass dein ideales Ferienhaus auf dich wartet. Wir haben uns der Qualit\u00e4t und Authentizit\u00e4t verschrieben \u2013 jedes Objekt wird pers\u00f6nlich besichtigt und streng gepr\u00fcft, bevor es auf unserer Website gelistet wird.  <\/p>\n\t\t\t\t\t\t\t\t<\/div>\n\t\t\t\t<\/div>\n\t\t\t\t<\/div>\n\t\t<div class=\"elementor-element elementor-element-9b1f484 e-con-full e-flex e-con e-parent\" data-id=\"9b1f484\" data-element_type=\"container\" data-e-type=\"container\">\n\t\t\t\t<div class=\"elementor-element elementor-element-1261231 elementor-widget elementor-widget-heading\" data-id=\"1261231\" data-element_type=\"widget\" data-e-type=\"widget\" data-widget_type=\"heading.default\">\n\t\t\t\t<div class=\"elementor-widget-container\">\n\t\t\t\t\t<h3 class=\"elementor-heading-title elementor-size-default\">Individuelle Verwaltung von Ferienunterk\u00fcnften<\/h3>\t\t\t\t<\/div>\n\t\t\t\t<\/div>\n\t\t\t\t<div class=\"elementor-element elementor-element-5ab71dd elementor-widget elementor-widget-text-editor\" data-id=\"5ab71dd\" data-element_type=\"widget\" data-e-type=\"widget\" data-widget_type=\"text-editor.default\">\n\t\t\t\t<div class=\"elementor-widget-container\">\n\t\t\t\t\t\t\t\t\t<p>Unser Engagement f\u00fcr Exzellenz geht \u00fcber die reine Auflistung von Immobilien hinaus. Wir bieten eine umfassende L\u00f6sung f\u00fcr die Verwaltung von Ferienunterk\u00fcnften, die jeden Aspekt Ihres Urlaubserlebnisses abdeckt: <\/p>\n<ul>\n<li><strong>Direktbuchung: <\/strong>Durchsuche unsere benutzerfreundliche Website f\u00fcr Ferienunterk\u00fcnfte, um deine Traumunterkunft direkt zu finden und zu buchen.<\/li>\n<li><strong>Expertenrat: <\/strong>Sie sind sich nicht sicher, welche Immobilie Ihren Bed\u00fcrfnissen entspricht? Unser Team steht Ihnen mit pers\u00f6nlicher Beratung zur Seite, um sicherzustellen, dass Sie die beste Option w\u00e4hlen. <\/li>\n<li><strong>Lokale Expertise<\/strong>: Unser Team lebt und arbeitet an der C\u00f4te d&#8217;Azur, spricht mehrere Sprachen und kennt den lokalen Markt. Dieses Insiderwissen gew\u00e4hrleistet ein reibungsloses Vermietungserlebnis f\u00fcr Urlauber und Eigent\u00fcmer. <\/li>\n<\/ul>\n\t\t\t\t\t\t\t\t<\/div>\n\t\t\t\t<\/div>\n\t\t\t\t<\/div>\n\t\t<div class=\"elementor-element elementor-element-537b2a4 e-con-full e-flex e-con e-parent\" data-id=\"537b2a4\" data-element_type=\"container\" data-e-type=\"container\">\n\t\t\t\t<div class=\"elementor-element elementor-element-ce65eeb elementor-widget elementor-widget-heading\" data-id=\"ce65eeb\" data-element_type=\"widget\" data-e-type=\"widget\" data-widget_type=\"heading.default\">\n\t\t\t\t<div class=\"elementor-widget-container\">\n\t\t\t\t\t<h3 class=\"elementor-heading-title elementor-size-default\">Warum Azur Pavillon w\u00e4hlen?<\/h3>\t\t\t\t<\/div>\n\t\t\t\t<\/div>\n\t\t\t\t<div class=\"elementor-element elementor-element-b6718ef elementor-widget elementor-widget-text-editor\" data-id=\"b6718ef\" data-element_type=\"widget\" data-e-type=\"widget\" data-widget_type=\"text-editor.default\">\n\t\t\t\t<div class=\"elementor-widget-container\">\n\t\t\t\t\t\t\t\t\t<ul>\n<li><strong>Nachgewiesener Erfolg: <\/strong>Mit unserer bisher erfolgreichsten Vermietungssaison k\u00f6nnen wir eine Erfolgsbilanz vorweisen, die f\u00fcr sich selbst spricht.<\/li>\n<li><strong>Qualit\u00e4tsgepr\u00fcft:<\/strong> Jede Villa, jedes Haus und jede Wohnung wird von unserem Team inspiziert und genehmigt, um einen hohen Standard der Unterk\u00fcnfte zu gew\u00e4hrleisten.<\/li>\n<li><strong>Individueller Service:<\/strong> Wir stehen Ihnen jederzeit mit Rat und Tat zur Seite und beantworten alle Fragen, um einen reibungslosen Buchungsablauf und einen unvergesslichen Urlaub zu gew\u00e4hrleisten.<\/li>\n<li>\n<p class=\"p1\"><b>Leben und Arbeiten an der C\u00f4te d&#8217;Azur<\/b>: Hat sich f\u00fcr unsere Kunden als gro\u00dfer Vorteil erwiesen.<\/p>\n<\/li>\n<\/ul>\n\t\t\t\t\t\t\t\t<\/div>\n\t\t\t\t<\/div>\n\t\t\t\t<\/div>\n\t\t<div class=\"elementor-element elementor-element-3d704e6 e-con-full e-flex e-con e-parent\" data-id=\"3d704e6\" data-element_type=\"container\" data-e-type=\"container\">\n\t\t\t\t<div class=\"elementor-element elementor-element-dbd8685 elementor-widget elementor-widget-text-editor\" data-id=\"dbd8685\" data-element_type=\"widget\" data-e-type=\"widget\" data-widget_type=\"text-editor.default\">\n\t\t\t\t<div class=\"elementor-widget-container\">\n\t\t\t\t\t\t\t\t\t<p>Sind Sie bereit, die Magie der C\u00f4te d&#8217;Azur zu erleben? St\u00f6bern Sie auf unserer Website f\u00fcr Ferienunterk\u00fcnfte, sichern Sie sich Ihr perfektes Ferienhaus mit einer Direktbuchung oder kontaktieren Sie uns f\u00fcr eine individuelle Beratung. Wir freuen uns darauf, Sie an der C\u00f4te d&#8217;Azur begr\u00fc\u00dfen zu d\u00fcrfen und Ihre Urlaubstr\u00e4ume wahr werden zu lassen.  <\/p>\n<p><strong>Bis bald an der C\u00f4te d&#8217;Azur!<\/strong><\/p>\n\t\t\t\t\t\t\t\t<\/div>\n\t\t\t\t<\/div>\n\t\t\t\t<\/div>\n\t\t\t\t<\/div>\n\t\t","protected":false},"excerpt":{"rendered":"<p>Ferienwohnungen und -verwaltung an der C\u00f4te d&#8217;Azur Nach einem Rekordjahr voller Erfolg freuen wir uns mehr denn je auf den Start der n\u00e4chsten Vermietungssaison. Wir bei Azur Pavillon sind stolz darauf, ein umfangreiches Portfolio an Ferienunterk\u00fcnften anzubieten, darunter Apartments, H\u00e4user und Villen, und stellen sicher, dass wir die perfekte Unterkunft f\u00fcr deinen Traumurlaub an der [&hellip;]<\/p>\n","protected":false},"author":1,"featured_media":1281,"parent":0,"menu_order":0,"comment_status":"closed","ping_status":"closed","template":"","meta":{"_acf_changed":false,"footnotes":""},"class_list":["post-765","page","type-page","status-publish","has-post-thumbnail","hentry","entry"],"acf":[],"_links":{"self":[{"href":"https:\/\/azurpavillon.com\/de\/wp-json\/wp\/v2\/pages\/765","targetHints":{"allow":["GET"]}}],"collection":[{"href":"https:\/\/azurpavillon.com\/de\/wp-json\/wp\/v2\/pages"}],"about":[{"href":"https:\/\/azurpavillon.com\/de\/wp-json\/wp\/v2\/types\/page"}],"author":[{"embeddable":true,"href":"https:\/\/azurpavillon.com\/de\/wp-json\/wp\/v2\/users\/1"}],"replies":[{"embeddable":true,"href":"https:\/\/azurpavillon.com\/de\/wp-json\/wp\/v2\/comments?post=765"}],"version-history":[{"count":7,"href":"https:\/\/azurpavillon.com\/de\/wp-json\/wp\/v2\/pages\/765\/revisions"}],"predecessor-version":[{"id":1230,"href":"https:\/\/azurpavillon.com\/de\/wp-json\/wp\/v2\/pages\/765\/revisions\/1230"}],"wp:featuredmedia":[{"embeddable":true,"href":"https:\/\/azurpavillon.com\/de\/wp-json\/wp\/v2\/media\/1281"}],"wp:attachment":[{"href":"https:\/\/azurpavillon.com\/de\/wp-json\/wp\/v2\/media?parent=765"}],"curies":[{"name":"wp","href":"https:\/\/api.w.org\/{rel}","templated":true}]}}