{"id":1120,"date":"2025-03-03T10:51:00","date_gmt":"2025-03-03T10:51:00","guid":{"rendered":"https:\/\/azurpavillon.com\/commentaires\/"},"modified":"2025-03-26T10:57:17","modified_gmt":"2025-03-26T10:57:17","slug":"commentaires","status":"publish","type":"page","link":"https:\/\/azurpavillon.com\/fr\/commentaires\/","title":{"rendered":"Commentaires"},"content":{"rendered":"\t\t<div data-elementor-type=\"wp-page\" data-elementor-id=\"1120\" class=\"elementor elementor-1120 elementor-874\">\n\t\t\t\t<div class=\"elementor-element elementor-element-2b2fd80 e-con-full e-flex e-con e-parent\" data-id=\"2b2fd80\" data-element_type=\"container\" data-e-type=\"container\">\n\t\t\t\t<div class=\"elementor-element elementor-element-867e644 elementor-widget elementor-widget-text-editor\" data-id=\"867e644\" data-element_type=\"widget\" data-e-type=\"widget\" data-widget_type=\"text-editor.default\">\n\t\t\t\t<div class=\"elementor-widget-container\">\n\t\t\t\t\t\t\t\t\t<p class=\"p3\">Nous comprenons que les avis sont importants.<\/p>\n<p class=\"p3\">Dans ce site web d&rsquo;Azur Pavillon, r\u00e9nov\u00e9 en 2025, vous remarquerez qu&rsquo;un grand nombre de nos h\u00e9bergements n&rsquo;ont pas encore d&rsquo;avis. Cela est d\u00fb au fait que nous n&rsquo;avons que r\u00e9cemment ajout\u00e9 la possibilit\u00e9 de laisser un commentaire. <\/p>\n<p class=\"p3\">Bien que nous louions la plupart de nos logements enregistr\u00e9s depuis plusieurs ann\u00e9es, et certains m\u00eame depuis notre arriv\u00e9e sur la C\u00f4te d&rsquo;Azur en 2010, nous ne voulions tout d&rsquo;abord pas d\u00e9ranger nos h\u00f4tes en leur demandant l&rsquo;it&#8230;..<\/p>\n<p class=\"p3\">Aujourd&rsquo;hui, de plus en plus de locataires potentiels souhaitent lire les exp\u00e9riences des clients pr\u00e9c\u00e9dents et c&rsquo;est pourquoi nous avons d\u00e9cid\u00e9 d&rsquo;ajouter cette fonction \u00e0 notre nouveau site web.<\/p>\n<p class=\"p3\">Pouvons-nous vous demander de prendre quelques minutes, pendant ou apr\u00e8s votre s\u00e9jour, pour laisser un commentaire sur l&rsquo;h\u00e9bergement dans lequel vous s\u00e9journez ? De cette fa\u00e7on, nos prochains clients auront une bonne id\u00e9e de ce qui les attend ! <\/p>\n<p class=\"p3\">Nous sommes ouverts \u00e0 vos suggestions et nous apprenons tous de vos exp\u00e9riences !<\/p>\n<p class=\"p1\">Je vous remercie d&rsquo;avance.<\/p>\n<p class=\"p1\">Paul &amp; Astrid Segaar<\/p>\n<p class=\"p1\">info@azurpavillon.com<\/p>\n\t\t\t\t\t\t\t\t<\/div>\n\t\t\t\t<\/div>\n\t\t\t\t<\/div>\n\t\t\t\t<\/div>\n\t\t","protected":false},"excerpt":{"rendered":"<p>Nous comprenons que les avis sont importants. Dans ce site web d&rsquo;Azur Pavillon, r\u00e9nov\u00e9 en 2025, vous remarquerez qu&rsquo;un grand nombre de nos h\u00e9bergements n&rsquo;ont pas encore d&rsquo;avis. Cela est d\u00fb au fait que nous n&rsquo;avons que r\u00e9cemment ajout\u00e9 la possibilit\u00e9 de laisser un commentaire. Bien que nous louions la plupart de nos logements enregistr\u00e9s [&hellip;]<\/p>\n","protected":false},"author":1,"featured_media":1276,"parent":0,"menu_order":0,"comment_status":"closed","ping_status":"closed","template":"","meta":{"_acf_changed":false,"footnotes":""},"class_list":["post-1120","page","type-page","status-publish","has-post-thumbnail","hentry","entry"],"acf":[],"_links":{"self":[{"href":"https:\/\/azurpavillon.com\/fr\/wp-json\/wp\/v2\/pages\/1120","targetHints":{"allow":["GET"]}}],"collection":[{"href":"https:\/\/azurpavillon.com\/fr\/wp-json\/wp\/v2\/pages"}],"about":[{"href":"https:\/\/azurpavillon.com\/fr\/wp-json\/wp\/v2\/types\/page"}],"author":[{"embeddable":true,"href":"https:\/\/azurpavillon.com\/fr\/wp-json\/wp\/v2\/users\/1"}],"replies":[{"embeddable":true,"href":"https:\/\/azurpavillon.com\/fr\/wp-json\/wp\/v2\/comments?post=1120"}],"version-history":[{"count":1,"href":"https:\/\/azurpavillon.com\/fr\/wp-json\/wp\/v2\/pages\/1120\/revisions"}],"predecessor-version":[{"id":1121,"href":"https:\/\/azurpavillon.com\/fr\/wp-json\/wp\/v2\/pages\/1120\/revisions\/1121"}],"wp:featuredmedia":[{"embeddable":true,"href":"https:\/\/azurpavillon.com\/fr\/wp-json\/wp\/v2\/media\/1276"}],"wp:attachment":[{"href":"https:\/\/azurpavillon.com\/fr\/wp-json\/wp\/v2\/media?parent=1120"}],"curies":[{"name":"wp","href":"https:\/\/api.w.org\/{rel}","templated":true}]}}