{"id":1132,"date":"2025-02-04T20:39:57","date_gmt":"2025-02-04T20:39:57","guid":{"rendered":"https:\/\/azurpavillon.com\/acheter-un-bien-immobilier\/"},"modified":"2025-03-26T10:53:53","modified_gmt":"2025-03-26T10:53:53","slug":"acheter-un-bien-immobilier","status":"publish","type":"page","link":"https:\/\/azurpavillon.com\/fr\/acheter-un-bien-immobilier\/","title":{"rendered":"Acheter un bien immobilier"},"content":{"rendered":"\t\t<div data-elementor-type=\"wp-page\" data-elementor-id=\"1132\" class=\"elementor elementor-1132 elementor-482\">\n\t\t\t\t<div class=\"elementor-element elementor-element-75760af e-con-full e-flex e-con e-parent\" data-id=\"75760af\" data-element_type=\"container\" data-e-type=\"container\">\n\t\t\t\t<div class=\"elementor-element elementor-element-2c9b238 elementor-widget elementor-widget-heading\" data-id=\"2c9b238\" data-element_type=\"widget\" data-e-type=\"widget\" data-widget_type=\"heading.default\">\n\t\t\t\t<div class=\"elementor-widget-container\">\n\t\t\t\t\t<h3 class=\"elementor-heading-title elementor-size-default\">Achetez votre propri\u00e9t\u00e9 en France avec Azur Pavillon<\/h3>\t\t\t\t<\/div>\n\t\t\t\t<\/div>\n\t\t\t\t<div class=\"elementor-element elementor-element-7ff8cf0 elementor-widget elementor-widget-text-editor\" data-id=\"7ff8cf0\" data-element_type=\"widget\" data-e-type=\"widget\" data-widget_type=\"text-editor.default\">\n\t\t\t\t<div class=\"elementor-widget-container\">\n\t\t\t\t\t\t\t\t\t<p>Vous \u00eates \u00e0 la recherche d&rsquo;une propri\u00e9t\u00e9 dans la magnifique r\u00e9gion c\u00f4ti\u00e8re de la C\u00f4te d&rsquo;Azur ? Ne cherchez pas plus loin qu&rsquo;Azur Pavillon, votre agence immobili\u00e8re locale de confiance, \u00ab\u00a0On Location\u00a0\u00bb, au c\u0153ur du sud de la France. Ici, le climat agr\u00e9able, la nature \u00e0 couper le souffle et la culture vibrante se combinent pour faire de cette r\u00e9gion l&rsquo;une des destinations les plus recherch\u00e9es \u00e0 la fois par les acheteurs de maisons et les investisseurs.  <\/p>\n\t\t\t\t\t\t\t\t<\/div>\n\t\t\t\t<\/div>\n\t\t\t\t<\/div>\n\t\t<div class=\"elementor-element elementor-element-b4a9fee e-con-full e-flex e-con e-parent\" data-id=\"b4a9fee\" data-element_type=\"container\" data-e-type=\"container\">\n\t\t\t\t<div class=\"elementor-element elementor-element-eb2f44c elementor-widget elementor-widget-heading\" data-id=\"eb2f44c\" data-element_type=\"widget\" data-e-type=\"widget\" data-widget_type=\"heading.default\">\n\t\t\t\t<div class=\"elementor-widget-container\">\n\t\t\t\t\t<h3 class=\"elementor-heading-title elementor-size-default\">Votre partenaire de confiance dans l'immobilier fran\u00e7ais<\/h3>\t\t\t\t<\/div>\n\t\t\t\t<\/div>\n\t\t\t\t<div class=\"elementor-element elementor-element-ad71f22 elementor-widget elementor-widget-text-editor\" data-id=\"ad71f22\" data-element_type=\"widget\" data-e-type=\"widget\" data-widget_type=\"text-editor.default\">\n\t\t\t\t<div class=\"elementor-widget-container\">\n\t\t\t\t\t\t\t\t\t<p>En tant qu&rsquo;agent immobilier fran\u00e7ais enregistr\u00e9, nous poss\u00e9dons une connaissance approfondie de la r\u00e9gion, du march\u00e9 local et de toutes les lois et r\u00e9glementations applicables. Cette expertise vous permet de b\u00e9n\u00e9ficier d&rsquo;un accompagnement de haut niveau, de la demande initiale jusqu&rsquo;\u00e0 la remise des cl\u00e9s. Notre \u00e9quipe d\u00e9vou\u00e9e navigue dans les m\u00e9andres de la bureaucratie fran\u00e7aise en votre nom, garantissant un processus de transaction fluide et sans stress.  <\/p>\n\t\t\t\t\t\t\t\t<\/div>\n\t\t\t\t<\/div>\n\t\t\t\t<\/div>\n\t\t<div class=\"elementor-element elementor-element-aaf89e6 e-con-full e-flex e-con e-parent\" data-id=\"aaf89e6\" data-element_type=\"container\" data-e-type=\"container\">\n\t\t\t\t<div class=\"elementor-element elementor-element-413bd67 elementor-widget elementor-widget-heading\" data-id=\"413bd67\" data-element_type=\"widget\" data-e-type=\"widget\" data-widget_type=\"heading.default\">\n\t\t\t\t<div class=\"elementor-widget-container\">\n\t\t\t\t\t<h3 class=\"elementor-heading-title elementor-size-default\">D\u00e9couvrez le style de vie du sud de la France<\/h3>\t\t\t\t<\/div>\n\t\t\t\t<\/div>\n\t\t\t\t<div class=\"elementor-element elementor-element-e29b879 elementor-widget elementor-widget-text-editor\" data-id=\"e29b879\" data-element_type=\"widget\" data-e-type=\"widget\" data-widget_type=\"text-editor.default\">\n\t\t\t\t<div class=\"elementor-widget-container\">\n\t\t\t\t\t\t\t\t\t<p>\u00c0 Azur Pavillon, nous comprenons que l&rsquo;achat d&rsquo;une propri\u00e9t\u00e9 est plus qu&rsquo;un simple investissement &#8211; c&rsquo;est un choix de vie. Vivre et travailler dans cette r\u00e9gion enchanteresse vous permet d&rsquo;adopter un rythme de vie d\u00e9tendu tout en profitant chaque jour de la beaut\u00e9 de la C\u00f4te d&rsquo;Azur. Notre \u00e9quipe, qui parle couramment plusieurs langues, est bas\u00e9e sur place, ce qui vous offre l&rsquo;assurance et le confort de travailler avec des experts qui connaissent parfaitement la r\u00e9gion.  <\/p>\n\t\t\t\t\t\t\t\t<\/div>\n\t\t\t\t<\/div>\n\t\t\t\t<\/div>\n\t\t<div class=\"elementor-element elementor-element-af51b39 e-con-full e-flex e-con e-parent\" data-id=\"af51b39\" data-element_type=\"container\" data-e-type=\"container\">\n\t\t\t\t<div class=\"elementor-element elementor-element-358f2de elementor-widget elementor-widget-heading\" data-id=\"358f2de\" data-element_type=\"widget\" data-e-type=\"widget\" data-widget_type=\"heading.default\">\n\t\t\t\t<div class=\"elementor-widget-container\">\n\t\t\t\t\t<h3 class=\"elementor-heading-title elementor-size-default\">Vos experts locaux en immobilier<\/h3>\t\t\t\t<\/div>\n\t\t\t\t<\/div>\n\t\t\t\t<div class=\"elementor-element elementor-element-3c99bf4 elementor-widget elementor-widget-text-editor\" data-id=\"3c99bf4\" data-element_type=\"widget\" data-e-type=\"widget\" data-widget_type=\"text-editor.default\">\n\t\t\t\t<div class=\"elementor-widget-container\">\n\t\t\t\t\t\t\t\t\t<p>Notre approche personnalis\u00e9e nous distingue. Chez Azur Pavillon, nous prenons le temps de vous conna\u00eetre et de savoir quels sont vos besoins en mati\u00e8re de propri\u00e9t\u00e9. Nous vous accompagnons tout au long du processus, depuis la recherche initiale et les visites jusqu&rsquo;aux \u00e9tapes finales de l&rsquo;achat, y compris le transfert des cl\u00e9s. Gr\u00e2ce \u00e0 notre pr\u00e9sence sur le terrain, vous avez l&rsquo;assurance de recevoir des conseils d&rsquo;experts authentiques, adapt\u00e9s \u00e0 vos besoins particuliers.   <\/p>\n\t\t\t\t\t\t\t\t<\/div>\n\t\t\t\t<\/div>\n\t\t\t\t<\/div>\n\t\t<div class=\"elementor-element elementor-element-7e65233 e-con-full e-flex e-con e-parent\" data-id=\"7e65233\" data-element_type=\"container\" data-e-type=\"container\">\n\t\t\t\t<div class=\"elementor-element elementor-element-aed0fc3 elementor-widget elementor-widget-text-editor\" data-id=\"aed0fc3\" data-element_type=\"widget\" data-e-type=\"widget\" data-widget_type=\"text-editor.default\">\n\t\t\t\t<div class=\"elementor-widget-container\">\n\t\t\t\t\t\t\t\t\t<p data-start=\"0\" data-end=\"45\"><strong data-start=\"0\" data-end=\"43\">Carte Professionnelle 8303 2018 000 026 682<\/strong><\/p>\n<p data-start=\"47\" data-end=\"349\">En plus de la m\u00e9diation des ventes, nous aidons \u00e9galement \u00e0 l&rsquo;achat de biens immobiliers, souvent sans frais suppl\u00e9mentaires. Nos services comprennent l&rsquo;organisation de visites, des conseils sur la propri\u00e9t\u00e9 et son emplacement, la n\u00e9gociation du prix, les rapports d&rsquo;inspection et l&rsquo;accompagnement tout au long du processus juridique jusqu&rsquo;\u00e0 la remise finale des cl\u00e9s. <\/p>\n<p data-start=\"351\" data-end=\"655\" data-is-last-node=\"\" data-is-only-node=\"\">En tant qu&rsquo;ancien agent immobilier n\u00e9erlandais certifi\u00e9 NVM, op\u00e9rant maintenant de mani\u00e8re ind\u00e9pendante sur la C\u00f4te d&rsquo;Azur depuis pr\u00e8s de 15 ans, nous apportons plus de 30 ans d&rsquo;exp\u00e9rience. Notre zone de travail couvre une gamme de cat\u00e9gories de prix le long de la C\u00f4te d&rsquo;Azur, de Saint-Tropez \u00e0 Cannes, s&rsquo;\u00e9tendant jusqu&rsquo;\u00e0 environ 20 km \u00e0 l&rsquo;int\u00e9rieur des terres. <\/p>\n<p>D\u00e9couvrez notre vaste portefeuille de biens immobiliers en visitant notre <a href=\"http:\/\/astridsegaar-realestate.com\" rel=\"noopener\">page d&rsquo;annonces immobili\u00e8res<\/a>. Pour plus d&rsquo;informations ou pour parler \u00e0 l&rsquo;un de nos experts immobiliers locaux, n&rsquo;h\u00e9sitez pas \u00e0 nous contacter d\u00e8s aujourd&rsquo;hui. <\/p>\n<p><strong>Azur Pavillon : Votre contact \u00ab\u00a0sur place\u00a0\u00bb dans le sud de la France.<\/strong><\/p>\n\t\t\t\t\t\t\t\t<\/div>\n\t\t\t\t<\/div>\n\t\t\t\t<\/div>\n\t\t\t\t<\/div>\n\t\t","protected":false},"excerpt":{"rendered":"<p>Achetez votre propri\u00e9t\u00e9 en France avec Azur Pavillon Vous \u00eates \u00e0 la recherche d&rsquo;une propri\u00e9t\u00e9 dans la magnifique r\u00e9gion c\u00f4ti\u00e8re de la C\u00f4te d&rsquo;Azur ? Ne cherchez pas plus loin qu&rsquo;Azur Pavillon, votre agence immobili\u00e8re locale de confiance, \u00ab\u00a0On Location\u00a0\u00bb, au c\u0153ur du sud de la France. Ici, le climat agr\u00e9able, la nature \u00e0 couper [&hellip;]<\/p>\n","protected":false},"author":1,"featured_media":1256,"parent":0,"menu_order":0,"comment_status":"closed","ping_status":"closed","template":"","meta":{"_acf_changed":false,"footnotes":""},"class_list":["post-1132","page","type-page","status-publish","has-post-thumbnail","hentry","entry"],"acf":[],"_links":{"self":[{"href":"https:\/\/azurpavillon.com\/fr\/wp-json\/wp\/v2\/pages\/1132","targetHints":{"allow":["GET"]}}],"collection":[{"href":"https:\/\/azurpavillon.com\/fr\/wp-json\/wp\/v2\/pages"}],"about":[{"href":"https:\/\/azurpavillon.com\/fr\/wp-json\/wp\/v2\/types\/page"}],"author":[{"embeddable":true,"href":"https:\/\/azurpavillon.com\/fr\/wp-json\/wp\/v2\/users\/1"}],"replies":[{"embeddable":true,"href":"https:\/\/azurpavillon.com\/fr\/wp-json\/wp\/v2\/comments?post=1132"}],"version-history":[{"count":3,"href":"https:\/\/azurpavillon.com\/fr\/wp-json\/wp\/v2\/pages\/1132\/revisions"}],"predecessor-version":[{"id":1238,"href":"https:\/\/azurpavillon.com\/fr\/wp-json\/wp\/v2\/pages\/1132\/revisions\/1238"}],"wp:featuredmedia":[{"embeddable":true,"href":"https:\/\/azurpavillon.com\/fr\/wp-json\/wp\/v2\/media\/1256"}],"wp:attachment":[{"href":"https:\/\/azurpavillon.com\/fr\/wp-json\/wp\/v2\/media?parent=1132"}],"curies":[{"name":"wp","href":"https:\/\/api.w.org\/{rel}","templated":true}]}}