{"id":421,"date":"2024-12-02T10:59:02","date_gmt":"2024-12-02T10:59:02","guid":{"rendered":"https:\/\/azurpavillon.com\/conditions-generales\/"},"modified":"2025-08-20T13:05:25","modified_gmt":"2025-08-20T13:05:25","slug":"conditions-generales","status":"publish","type":"page","link":"https:\/\/azurpavillon.com\/fr\/conditions-generales\/","title":{"rendered":"Conditions G\u00e9n\u00e9rales"},"content":{"rendered":"\t\t<div data-elementor-type=\"wp-post\" data-elementor-id=\"421\" class=\"elementor elementor-421 elementor-9\">\n\t\t\t\t<div class=\"elementor-element elementor-element-9e9f92a e-con-full content-title_box e-flex e-con e-parent\" data-id=\"9e9f92a\" data-element_type=\"container\" data-e-type=\"container\">\n\t\t\t\t<div class=\"elementor-element elementor-element-021f049 elementor-widget elementor-widget-text-editor\" data-id=\"021f049\" data-element_type=\"widget\" data-e-type=\"widget\" data-widget_type=\"text-editor.default\">\n\t\t\t\t<div class=\"elementor-widget-container\">\n\t\t\t\t\t\t\t\t\t<h2>Conditions <label>G\u00e9n\u00e9rales<\/label><\/h2>\n<p>Bienvenue \u00e0 Azur Pavillon Holiday Rentals ! En acc\u00e9dant \u00e0 notre plateforme ou en l&rsquo;utilisant, vous acceptez de vous conformer aux conditions g\u00e9n\u00e9rales suivantes. Veuillez les lire attentivement.  <\/p>\n\t\t\t\t\t\t\t\t<\/div>\n\t\t\t\t<\/div>\n\t\t\t\t<\/div>\n\t\t<div class=\"elementor-element elementor-element-3f10391 e-con-full e-flex e-con e-parent\" data-id=\"3f10391\" data-element_type=\"container\" data-e-type=\"container\">\n\t\t\t\t<div class=\"elementor-element elementor-element-c80de8a elementor-widget elementor-widget-text-editor\" data-id=\"c80de8a\" data-element_type=\"widget\" data-e-type=\"widget\" data-widget_type=\"text-editor.default\">\n\t\t\t\t<div class=\"elementor-widget-container\">\n\t\t\t\t\t\t\t\t\t<h4>  Conditions g\u00e9n\u00e9rales<\/h4>\n<p>La location de vacances se d\u00e9roule l\u00e9galement selon les dispositions g\u00e9n\u00e9rales suivantes :<\/p>\n<h4>Dur\u00e9e de la location<\/h4>\n<p>La location de vacances s`applique sur la p\u00e9riode convenue. La maison de vacances est disponible \u00e0 partir de 16 heures le jour de l`arriv\u00e9e, jusqu`\u00e0 10 heures le jour du d\u00e9part. Des horaires divergents ne sont autoris\u00e9s qu`avec l`accord \u00e9crit pr\u00e9alable du bailleur et\/ou d`Azur Pavillon.  <\/p>\n<h4>Etat des lieux<\/h4>\n<p>Le locataire d\u00e9clare impliquer personnellement le bien lou\u00e9 avec un nombre de personnes maximum, convenu \u00e0 l`avance, lors de la r\u00e9servation. Le locataire occupera le bien lou\u00e9 pendant le s\u00e9jour en \u00ab\u00a0bon p\u00e8re de famille\u00a0\u00bb et l`entretiendra correctement. <\/p>\n<p>Le bien lou\u00e9 est lou\u00e9 meubl\u00e9 et est \u00e9quip\u00e9 d`ustensiles de cuisine, vaisselle, verres, couvertures, couettes et oreillers. L`\u00e9tat du bien lou\u00e9 et l`inventaire sont constat\u00e9s par le locataire et le propri\u00e9taire et\/ou le g\u00e9rant \u00e0 l`arriv\u00e9e et \u00e0 la fin de la p\u00e9riode convenue. Le bien lou\u00e9 est livr\u00e9 propre au locataire et doit \u00eatre rendu propre lors du d\u00e9part. Nous tenons \u00e0 pr\u00e9ciser qu`il s`agit de maisons de propri\u00e9taires priv\u00e9s et qu`il ne peut \u00eatre question d`une conception standard. Cependant, vous pouvez \u00eatre s\u00fbrs qu`Azur Pavillon conna\u00eet bien chaque maison et la r\u00e9gion. N`h\u00e9sitez donc pas \u00e0 nous contacter pour de plus amples informations.     <\/p>\n<p>Les plaintes concernant la propri\u00e9t\u00e9 lou\u00e9e qui sont soumises apr\u00e8s 24 heures apr\u00e8s l`arriv\u00e9e \u00e0 la propri\u00e9t\u00e9 lou\u00e9e ne seront pas accept\u00e9es.<\/p>\n<p>Azur Pavillon doit avoir la possibilit\u00e9 de traiter une plainte et de proposer une solution. Un d\u00e9part pr\u00e9matur\u00e9 sans consultation et \/ ou accord pr\u00e9alable ou des plaintes qui sont signal\u00e9es apr\u00e8s coup ne seront donc pas trait\u00e9es et d\u00e9gageront le propri\u00e9taire et \/ ou Azur Pavillon de toute responsabilit\u00e9 et de tout remboursement. <\/p>\n<h4>Internet<\/h4>\n<p>La plupart de nos h\u00e9bergements disposent d`une connexion Internet. Contrairement \u00e0 la plupart des autres pays, les lignes \u00e9lectriques et t\u00e9l\u00e9phoniques sont construites en surface, ce qui signifie que le r\u00e9seau est vuln\u00e9rable aux interf\u00e9rences. AzurPavillon, ou le propri\u00e9taire, ne peut prendre aucune responsabilit\u00e9 pour la d\u00e9faillance (temporaire) de l`Internet.  <\/p>\n<h4>Prix de la location<\/h4>\n<p>Le montant de la location est d\u00e9termin\u00e9 et accept\u00e9 par le locataire au moment de la r\u00e9servation. Lorsqu`il effectue une r\u00e9servation sur le site web, le locataire re\u00e7oit d`AzurPavillon une confirmation de r\u00e9servation et une confirmation du paiement de l`acompte. Lors d`une r\u00e9servation dans l`ann\u00e9e pr\u00e9c\u00e9dant l`arriv\u00e9e, nous demandons un acompte de 20 %. Le paiement suivant sera de 30% au d\u00e9but du mois de mars de l`ann\u00e9e de la r\u00e9servation et\/ou la derni\u00e8re partie du paiement total 8 semaines avant l`arriv\u00e9e. En cas de r\u00e9servation l`ann\u00e9e de l`arriv\u00e9e, nous demandons un acompte de 50%. Les 50% restants doivent \u00eatre pay\u00e9s au plus tard 8 semaines avant l`arriv\u00e9e. Pour les r\u00e9servations effectu\u00e9es dans les 8 semaines pr\u00e9c\u00e9dant l`arriv\u00e9e, le montant total doit \u00eatre pay\u00e9 au moment de la r\u00e9servation.       Tous les frais suppl\u00e9mentaires pr\u00e9lev\u00e9s par les banques pour les paiements par carte de cr\u00e9dit ou carte bancaire sont \u00e0 la charge du locataire.<\/p>\n<h4>Frais suppl\u00e9mentaires<\/h4>\n<p>Azur Pavillon est tenu de collecter la taxe de s\u00e9jour, de la d\u00e9clarer et de la payer \u00e0 la commune. La taxe de s\u00e9jour est calcul\u00e9e uniquement pour les adultes (18+). <\/p>\n<p>Le locataire de vacances doit payer un montant fixe pour le nettoyage de la propri\u00e9t\u00e9 lou\u00e9e et un montant fixe par personne pour l&rsquo;utilisation et le changement du linge de maison. Le locataire de vacances devra \u00e9galement payer un montant fixe, comme indiqu\u00e9 sur la page de la propri\u00e9t\u00e9, pour les frais de r\u00e9servation et d&rsquo;administration lors de la r\u00e9servation. <\/p>\n<h4>La Caution<\/h4>\n<p>Afin de pouvoir appliquer les dispositions g\u00e9n\u00e9rales et de r\u00e9parer les \u00e9ventuels dommages, le locataire paie un montant fixe \u00e0 titre de caution, qui lui sera rembours\u00e9 dans les 14 jours apr\u00e8s avoir laiss\u00e9 le bien lou\u00e9 en bon \u00e9tat.<\/p>\n<h4>Politique d`annulation<\/h4>\n<p>Pour l`annulation de la r\u00e9servation d\u00e9j\u00e0 confirm\u00e9e, les pourcentages suivants s`appliquent :<\/p>\n<p>1. Annulation jusqu&rsquo;\u00e0 8 semaines avant l&rsquo;arriv\u00e9e : 50% du montant de la location.<br \/>2. Annulation dans les 8 semaines avant l&rsquo;arriv\u00e9e, le montant total de la location.<br \/>3. En cas de r\u00e9siliation anticip\u00e9e du s\u00e9jour, le montant total de la location.<\/p>\n<p>En cas d`annulation, la caution et le taxes de s\u00e9jour (le cas \u00e9ch\u00e9ant) d\u00e9j\u00e0 vers\u00e9 sera toujours rembours\u00e9.<\/p>\n<h4>Responsabilit\u00e9<\/h4>\n<p>Pendant le s\u00e9jour, le locataire est responsable du bien lou\u00e9, de l`ameublement et de tout ce qui fait partie de l`objet lou\u00e9. Azur Pavillon ne peut accepter aucune responsabilit\u00e9 pour les dommages et inconv\u00e9nients, sous quelque forme et pour quelque cause que ce soit, survenant au locataire et aux autres personnes se trouvant dans ou \u00e0 proximit\u00e9 du logement. Le locataire est tenu de collaborer \u00e0 la r\u00e9solution d`\u00e9ventuelles plaintes. Les descriptions sur le(s) site(s) internet et la brochure ont \u00e9t\u00e9 r\u00e9dig\u00e9es avec le plus grand soin et les m2 indiqu\u00e9s sont une indication de la taille du logement. Azur Pavillon n`est pas responsable des inconv\u00e9nients r\u00e9sultant de changements provisoires dans des situations dont Azur Pavillon n`est pas responsable et\/ou n`a pas connaissance. Si Azur Pavillon est contraint d`annuler la r\u00e9servation pour des raisons ind\u00e9pendantes de sa volont\u00e9, le locataire se verra proposer un autre h\u00e9bergement de nature similaire ou sup\u00e9rieure. Si cela s`av\u00e8re impossible, Azur Pavillon remboursera les paiements d\u00e9j\u00e0 effectu\u00e9s, mais sans compensation pour quelque dommage que ce soit.     <\/p>\n<p>Si n\u00e9cessaire, le propri\u00e9taire ou son repr\u00e9sentant est en droit de facturer un montant suppl\u00e9mentaire pour le nettoyage du bien lou\u00e9 au d\u00e9part du locataire, en plus des frais de nettoyage r\u00e9guli\u00e8rement pay\u00e9s. Ceci s`applique \u00e9galement \u00e0 la valeur des objets, meubles ou mat\u00e9riaux cass\u00e9s, contamin\u00e9s, d\u00e9truits ou endommag\u00e9s, aux objets qui ont \u00e9t\u00e9 utilis\u00e9s pendant la location autrement que pour ce \u00e0 quoi ils \u00e9taient destin\u00e9s, aux frais de nettoyage des couvertures sales et\/ou \u00e0 une indemnisation pour toute forme de dommage aux rideaux, papiers peints, plafonds, tapis, moquettes, fen\u00eatres, lits, etc. <\/p>\n<p>Les r\u00e9parations qui sont n\u00e9cessaires \u00e0 la suite de dommages caus\u00e9s par la n\u00e9gligence ou la mauvaise utilisation de la propri\u00e9t\u00e9 lou\u00e9e sont \u00e0 la charge du locataire de vacances.<\/p>\n<p>Le locataire de vacances veille \u00e0 ce qu`aucune nuisance ne soit caus\u00e9e dans le voisinage.<\/p>\n<p>Le locataire de vacances est tenu de s`assurer contre les risques li\u00e9s \u00e0 la location (incendie et inondation caus\u00e9s par le locataire). En cas de non-assurance, le locataire est personnellement responsable des co\u00fbts des dommages et des int\u00e9r\u00eats sur ces co\u00fbts.  <\/p>\n<p>Le propri\u00e9taire est tenu d`assurer le b\u00e2timent et le locataire est tenu d`avertir le bailleur, le propri\u00e9taire ou Azur Pavillon dans les 24 heures en cas de dommages au b\u00e2timent et aux d\u00e9pendances ou b\u00e2timents annexes.<\/p>\n<p>Le locataire ne peut refuser au propri\u00e9taire, au bailleur ou \u00e0 Azur Pavillon l`acc\u00e8s au bien lou\u00e9 si le propri\u00e9taire ou son repr\u00e9sentant en fait la demande.<br \/>Le droit fran\u00e7ais s`applique aux pr\u00e9sentes conditions g\u00e9n\u00e9rales Azur Pavillon.<\/p>\n\t\t\t\t\t\t\t\t<\/div>\n\t\t\t\t<\/div>\n\t\t\t\t<\/div>\n\t\t\t\t<\/div>\n\t\t","protected":false},"excerpt":{"rendered":"<p>Conditions G\u00e9n\u00e9rales Bienvenue \u00e0 Azur Pavillon Holiday Rentals ! En acc\u00e9dant \u00e0 notre plateforme ou en l&rsquo;utilisant, vous acceptez de vous conformer aux conditions g\u00e9n\u00e9rales suivantes. Veuillez les lire attentivement. Conditions g\u00e9n\u00e9rales La location de vacances se d\u00e9roule l\u00e9galement selon les dispositions g\u00e9n\u00e9rales suivantes : Dur\u00e9e de la location La location de vacances s`applique sur [&hellip;]<\/p>\n","protected":false},"author":1,"featured_media":653,"parent":0,"menu_order":0,"comment_status":"closed","ping_status":"closed","template":"","meta":{"_acf_changed":false,"footnotes":""},"class_list":["post-421","page","type-page","status-publish","has-post-thumbnail","hentry","entry"],"acf":[],"_links":{"self":[{"href":"https:\/\/azurpavillon.com\/fr\/wp-json\/wp\/v2\/pages\/421","targetHints":{"allow":["GET"]}}],"collection":[{"href":"https:\/\/azurpavillon.com\/fr\/wp-json\/wp\/v2\/pages"}],"about":[{"href":"https:\/\/azurpavillon.com\/fr\/wp-json\/wp\/v2\/types\/page"}],"author":[{"embeddable":true,"href":"https:\/\/azurpavillon.com\/fr\/wp-json\/wp\/v2\/users\/1"}],"replies":[{"embeddable":true,"href":"https:\/\/azurpavillon.com\/fr\/wp-json\/wp\/v2\/comments?post=421"}],"version-history":[{"count":5,"href":"https:\/\/azurpavillon.com\/fr\/wp-json\/wp\/v2\/pages\/421\/revisions"}],"predecessor-version":[{"id":1378,"href":"https:\/\/azurpavillon.com\/fr\/wp-json\/wp\/v2\/pages\/421\/revisions\/1378"}],"wp:featuredmedia":[{"embeddable":true,"href":"https:\/\/azurpavillon.com\/fr\/wp-json\/wp\/v2\/media\/653"}],"wp:attachment":[{"href":"https:\/\/azurpavillon.com\/fr\/wp-json\/wp\/v2\/media?parent=421"}],"curies":[{"name":"wp","href":"https:\/\/api.w.org\/{rel}","templated":true}]}}