{"id":709,"date":"2025-02-04T18:29:55","date_gmt":"2025-02-04T18:29:55","guid":{"rendered":"https:\/\/azurpavillon.com\/louer-votre-propriete\/"},"modified":"2025-03-28T11:29:18","modified_gmt":"2025-03-28T11:29:18","slug":"louer-votre-propriete","status":"publish","type":"page","link":"https:\/\/azurpavillon.com\/fr\/louer-votre-propriete\/","title":{"rendered":"Louer Votre R\u00e9sidence Secondaire"},"content":{"rendered":"\t\t<div data-elementor-type=\"wp-page\" data-elementor-id=\"709\" class=\"elementor elementor-709 elementor-465\">\n\t\t\t\t<div class=\"elementor-element elementor-element-46ea46c e-con-full e-flex e-con e-parent\" data-id=\"46ea46c\" data-element_type=\"container\" data-e-type=\"container\">\n\t\t\t\t<div class=\"elementor-element elementor-element-15d9ea4 elementor-widget elementor-widget-text-editor\" data-id=\"15d9ea4\" data-element_type=\"widget\" data-e-type=\"widget\" data-widget_type=\"text-editor.default\">\n\t\t\t\t<div class=\"elementor-widget-container\">\n\t\t\t\t\t\t\t\t\t<h3>Transformez votre Propri\u00e9t\u00e9 en une Source de Revenus Rentable<\/h3>\n<p>Poss\u00e9der un Appartement, une Maison ou une Villa de vacances dans le sud de la France est un investissement important. Laissez-nous vous aider \u00e0 transformer votre propri\u00e9t\u00e9 en une source de revenus r\u00e9guliers tout en minimisant les tracas quotidiens. Avec plus de 15 ans d&rsquo;exp\u00e9rience dans la location <span class=\"s1\">et la <\/span>gestion de vacances, Azur Pavillon offre aux propri\u00e9taires d&rsquo;une maison de vacances dans notre r\u00e9gion les possibilit\u00e9s suivantes :  <\/p>\n\t\t\t\t\t\t\t\t<\/div>\n\t\t\t\t<\/div>\n\t\t\t\t<\/div>\n\t\t<div class=\"elementor-element elementor-element-341fd87 e-con-full e-flex e-con e-parent\" data-id=\"341fd87\" data-element_type=\"container\" data-e-type=\"container\">\n\t\t\t\t<div class=\"elementor-element elementor-element-7d4fbc0 elementor-widget elementor-widget-text-editor\" data-id=\"7d4fbc0\" data-element_type=\"widget\" data-e-type=\"widget\" data-widget_type=\"text-editor.default\">\n\t\t\t\t<div class=\"elementor-widget-container\">\n\t\t\t\t\t\t\t\t\t<p><b>1.<\/b> <b>Agence de Location de Vacances <\/b> <\/p>\n<p class=\"p1\"><b>2. Gestion des locataires<\/b><\/p>\n<p class=\"p1\"><b>3. Service de gestion de la Maison<\/b><\/p>\n\t\t\t\t\t\t\t\t<\/div>\n\t\t\t\t<\/div>\n\t\t\t\t<\/div>\n\t\t<div class=\"elementor-element elementor-element-a95ae38 e-con-full e-flex e-con e-parent\" data-id=\"a95ae38\" data-element_type=\"container\" data-e-type=\"container\">\n\t\t\t\t<div class=\"elementor-element elementor-element-9ff058a elementor-widget elementor-widget-text-editor\" data-id=\"9ff058a\" data-element_type=\"widget\" data-e-type=\"widget\" data-widget_type=\"text-editor.default\">\n\t\t\t\t<div class=\"elementor-widget-container\">\n\t\t\t\t\t\t\t\t\t<h3 class=\"p1\">Agence de Location de Vacances<\/h3>\n<p class=\"p1\">Par le biais de notre site web <a href=\"http:\/\/www.azurpavillon.com\/\"><span class=\"s1\">www.azurpavillon.com<\/span><\/a> nous publions des annonces de Maisons, d&rsquo;Appartements et de Villas de luxe en fran\u00e7ais, anglais, allemand et n\u00e9erlandais pour le march\u00e9 scandinave, fran\u00e7ais, n\u00e9erlandais, belge, allemand, suisse autrichien, luxembourgeois et anglais. Nous envoyons des bulletins d&rsquo;information et payons pour des annonces dans les pays susmentionn\u00e9s. <\/p>\n<p class=\"p1\">Nous organisons l&rsquo;ensemble du processus de r\u00e9servation depuis les demandes, l&rsquo;envoi d&rsquo;informations suppl\u00e9mentaires, les contacts t\u00e9l\u00e9phoniques et \u00e9lectroniques avec les locataires potentiels, les r\u00e9servations, les confirmations, l&rsquo;organisation de la caution et de la finalisation financi\u00e8re.<\/p>\n\t\t\t\t\t\t\t\t<\/div>\n\t\t\t\t<\/div>\n\t\t\t\t<\/div>\n\t\t<div class=\"elementor-element elementor-element-1492451 e-con-full e-flex e-con e-parent\" data-id=\"1492451\" data-element_type=\"container\" data-e-type=\"container\">\n\t\t\t\t<div class=\"elementor-element elementor-element-a4df6d7 elementor-widget elementor-widget-text-editor\" data-id=\"a4df6d7\" data-element_type=\"widget\" data-e-type=\"widget\" data-widget_type=\"text-editor.default\">\n\t\t\t\t<div class=\"elementor-widget-container\">\n\t\t\t\t\t\t\t\t\t<h3 class=\"p1\">Gestion des locataires<\/h3>\n<p class=\"p1\">La gestion locative de votre maison de vacances en France signifie qu&rsquo;Azur Pavillon organisera tout pour vos locataires lorsque vous louez votre maison de vacances. De m\u00eame, si vous louez par l&rsquo;interm\u00e9diaire d&rsquo;autres agences, de plateformes de sites web ou si vous faites vos propres r\u00e9servations, nous pouvons \u00eatre votre organisateur \u00ab\u00a0sur place\u00a0\u00bb pour la gestion des locataires. <\/p>\n<p class=\"p1\">La <span class=\"s1\">gestion des locataires<\/span> implique qu&rsquo;Azur Pavillon, pendant toute la dur\u00e9e du s\u00e9jour des locataires, sera 24 heures sur 7 jours leur contact personnel et leur bureau de service. Un sentiment de s\u00e9curit\u00e9 et de confort pour vous et nos locataires ! <\/p>\n<p class=\"p1\">La gestion des locataires comprend les activit\u00e9s suivantes :<\/p>\n<p class=\"p1\"><b>Avant l&rsquo;arriv\u00e9e des clients : <\/b><b><\/b><\/p>\n<ul>\n<li class=\"p1\">Pr\u00e9parez le bien pour les locataires ;<\/li>\n<li class=\"p1\">Contr\u00f4le final du nettoyage ;<\/li>\n<li class=\"p1\">Ouvrez les volets ;<\/li>\n<li class=\"p1\">Les lits de contr\u00f4le sont bien rang\u00e9s et faits ;<\/li>\n<li class=\"p1\">Contr\u00f4le de la pr\u00e9sence des serviettes et autres linges ;<\/li>\n<\/ul>\n<p class=\"p1\"><strong>En option :<\/strong><\/p>\n<ul>\n<li class=\"p1\">Placez une bouteille de ros\u00e9 bien fra\u00eeche dans la propri\u00e9t\u00e9 ;<\/li>\n<li class=\"p1\">R\u00e9glage de la climatisation \/ du chauffage \/ du chauffage de la piscine ; <\/li>\n<\/ul>\n<p class=\"p1\"><b>Arriv\u00e9e des clients:<\/b><b><\/b><\/p>\n<ul>\n<li class=\"p1\">Accueil <span class=\"s1\">\u00e0 la propri\u00e9t\u00e9<\/span> et explication de la maison ;<\/li>\n<li class=\"p1\">Informations sur les environs, les magasins, etc.<\/li>\n<\/ul>\n<p class=\"p1\"><b><span class=\"Apple-converted-space\">            <\/span><br \/>Pendant le s\u00e9jour des h\u00f4tes :<\/b><b><\/b><\/p>\n<ul>\n<li class=\"p1\">\u00catre disponible pour toute question ou urgence ; <\/li>\n<\/ul>\n<p class=\"p1\"><b>D\u00e9part des clients:<\/b><b><\/b><\/p>\n<ul>\n<li class=\"p1\">Contr\u00f4ler \/ v\u00e9rifier avec les locataires du bien lou\u00e9 ;<\/li>\n<li class=\"p1\">R\u00e9ception des cl\u00e9s ;<\/li>\n<li class=\"p1\">Coordination du nettoyage et du linge apr\u00e8s le d\u00e9part des locataires (voir \u00e9galement les autres d\u00e9penses) ;<\/li>\n<li class=\"p1\">Rapport succinct par email au propri\u00e9taire en cas de probl\u00e8me, pour remboursement de la caution au locataire. <\/li>\n<\/ul>\n<h3 class=\"p2\">Service de Gestion de la Maison<b><\/b><\/h3>\n<p class=\"p1\">Au cours des derni\u00e8res ann\u00e9es, nous avons remarqu\u00e9 que les propri\u00e9taires de logements de vacances aimaient \u00e9galement utiliser ces services et nos relations avec les entreprises locales.<\/p>\n<p class=\"p1\">Des services tels que la r\u00e9solution de probl\u00e8mes par t\u00e9l\u00e9phone avec : -l&rsquo;internet, -notre plombier, -l&rsquo;\u00e9lectricien, -l&rsquo;entrepreneur et d&rsquo;autres contacts existants que nous avons \u00e9tablis au fil des ans. Cette organisation et ce suivi prennent beaucoup de temps et pour ne pas avoir \u00e0 envoyer une facture pour chaque email, appel t\u00e9l\u00e9phonique, etc. ou pour chaque visite \u00e0 la propri\u00e9t\u00e9, nous proposons \u00e0 nos propri\u00e9taires un abonnement \u00e0 un service de gestion de la maison pour un montant forfaitaire. <\/p>\n<h3 class=\"p2\">Customer Focus<\/h3>\n<p class=\"p1\">Nous savons que des opportunit\u00e9s peuvent se pr\u00e9senter \u00e0 tout moment. C&rsquo;est pourquoi nous sommes disponibles 7 jours sur 7<span class=\"s2\">. <\/span>Quel que soit le fuseau horaire dans lequel se trouve votre client potentiel, nous ne manquons jamais une occasion de r\u00e9server votre propri\u00e9t\u00e9. <\/p>\n\t\t\t\t\t\t\t\t<\/div>\n\t\t\t\t<\/div>\n\t\t\t\t<\/div>\n\t\t<div class=\"elementor-element elementor-element-e4bdcdb e-con-full e-flex e-con e-parent\" data-id=\"e4bdcdb\" data-element_type=\"container\" data-e-type=\"container\">\n\t\t\t\t<div class=\"elementor-element elementor-element-0af9064 elementor-widget elementor-widget-text-editor\" data-id=\"0af9064\" data-element_type=\"widget\" data-e-type=\"widget\" data-widget_type=\"text-editor.default\">\n\t\t\t\t<div class=\"elementor-widget-container\">\n\t\t\t\t\t\t\t\t\t<h3>Pr\u00eat \u00e0 inscrire Votre Propri\u00e9t\u00e9 ?<\/h3>\n<p>Si vous souhaitez que votre Appartement, Maison ou Villa de vacances travaille pour vous, contactez notre \u00e9quipe de location d\u00e8s aujourd&rsquo;hui. Nous sommes l\u00e0 pour r\u00e9pondre \u00e0 vos questions, vous guider tout au long du processus et veiller \u00e0 ce que votre propri\u00e9t\u00e9 atteigne son plein potentiel de revenus, tout en profitant du meilleur de ce que le Sud de la France a \u00e0 offrir. <\/p>\n<p><strong>Contact Us:<\/strong><\/p>\n<ul>\n<li><strong>Email:<\/strong> <a href=\"mailto:info@azurpavillon.com\">info@azurpavillon.com<\/a><\/li>\n<li><strong>T\u00e9l\u00e9phone :<\/strong> +33 (0) 669 272 908<\/li>\n<\/ul>\n<p>D\u00e9couvrez \u00e0 quel point la gestion locative d&rsquo;un bien immobilier peut \u00eatre facile et gratifiante avec Azur Pavillon. Laissez-nous vous aider \u00e0 maximiser votre investissement tout en gardant votre propri\u00e9t\u00e9 dans un \u00e9tat impeccable, le tout avec le service personnel et d\u00e9vou\u00e9 que vous m\u00e9ritez. <\/p>\n\t\t\t\t\t\t\t\t<\/div>\n\t\t\t\t<\/div>\n\t\t\t\t<\/div>\n\t\t\t\t<\/div>\n\t\t","protected":false},"excerpt":{"rendered":"<p>Transformez votre Propri\u00e9t\u00e9 en une Source de Revenus Rentable Poss\u00e9der un Appartement, une Maison ou une Villa de vacances dans le sud de la France est un investissement important. Laissez-nous vous aider \u00e0 transformer votre propri\u00e9t\u00e9 en une source de revenus r\u00e9guliers tout en minimisant les tracas quotidiens. Avec plus de 15 ans d&rsquo;exp\u00e9rience dans [&hellip;]<\/p>\n","protected":false},"author":1,"featured_media":1260,"parent":0,"menu_order":0,"comment_status":"closed","ping_status":"closed","template":"","meta":{"_acf_changed":false,"footnotes":""},"class_list":["post-709","page","type-page","status-publish","has-post-thumbnail","hentry","entry"],"acf":[],"_links":{"self":[{"href":"https:\/\/azurpavillon.com\/fr\/wp-json\/wp\/v2\/pages\/709","targetHints":{"allow":["GET"]}}],"collection":[{"href":"https:\/\/azurpavillon.com\/fr\/wp-json\/wp\/v2\/pages"}],"about":[{"href":"https:\/\/azurpavillon.com\/fr\/wp-json\/wp\/v2\/types\/page"}],"author":[{"embeddable":true,"href":"https:\/\/azurpavillon.com\/fr\/wp-json\/wp\/v2\/users\/1"}],"replies":[{"embeddable":true,"href":"https:\/\/azurpavillon.com\/fr\/wp-json\/wp\/v2\/comments?post=709"}],"version-history":[{"count":3,"href":"https:\/\/azurpavillon.com\/fr\/wp-json\/wp\/v2\/pages\/709\/revisions"}],"predecessor-version":[{"id":1297,"href":"https:\/\/azurpavillon.com\/fr\/wp-json\/wp\/v2\/pages\/709\/revisions\/1297"}],"wp:featuredmedia":[{"embeddable":true,"href":"https:\/\/azurpavillon.com\/fr\/wp-json\/wp\/v2\/media\/1260"}],"wp:attachment":[{"href":"https:\/\/azurpavillon.com\/fr\/wp-json\/wp\/v2\/media?parent=709"}],"curies":[{"name":"wp","href":"https:\/\/api.w.org\/{rel}","templated":true}]}}