{"id":738,"date":"2025-02-04T20:47:16","date_gmt":"2025-02-04T20:47:16","guid":{"rendered":"https:\/\/azurpavillon.com\/proprietaires\/"},"modified":"2025-03-28T11:34:08","modified_gmt":"2025-03-28T11:34:08","slug":"proprietaires","status":"publish","type":"page","link":"https:\/\/azurpavillon.com\/fr\/proprietaires\/","title":{"rendered":"Vendre un bien"},"content":{"rendered":"\t\t<div data-elementor-type=\"wp-page\" data-elementor-id=\"738\" class=\"elementor elementor-738 elementor-494\">\n\t\t\t\t<div class=\"elementor-element elementor-element-3ff4203 e-con-full e-flex e-con e-parent\" data-id=\"3ff4203\" data-element_type=\"container\" data-e-type=\"container\">\n\t\t\t\t<div class=\"elementor-element elementor-element-f538783 elementor-widget elementor-widget-heading\" data-id=\"f538783\" data-element_type=\"widget\" data-e-type=\"widget\" data-widget_type=\"heading.default\">\n\t\t\t\t<div class=\"elementor-widget-container\">\n\t\t\t\t\t<h3 class=\"elementor-heading-title elementor-size-default\">Je poss\u00e8de une propri\u00e9t\u00e9 sur la C\u00f4te d'Azur\n<\/h3>\t\t\t\t<\/div>\n\t\t\t\t<\/div>\n\t\t\t\t<div class=\"elementor-element elementor-element-64fe006 elementor-widget elementor-widget-text-editor\" data-id=\"64fe006\" data-element_type=\"widget\" data-e-type=\"widget\" data-widget_type=\"text-editor.default\">\n\t\t\t\t<div class=\"elementor-widget-container\">\n\t\t\t\t\t\t\t\t\t<p>Vous poss\u00e9dez une propri\u00e9t\u00e9 sur la C\u00f4te d&rsquo;Azur ? Azur Pavillon serait ravi de discuter avec vous des possibilit\u00e9s de vente et de location offertes exclusivement dans cette r\u00e9gion spectaculaire. <\/p>\n\t\t\t\t\t\t\t\t<\/div>\n\t\t\t\t<\/div>\n\t\t\t\t<\/div>\n\t\t<div class=\"elementor-element elementor-element-c9571c1 e-con-full e-flex e-con e-parent\" data-id=\"c9571c1\" data-element_type=\"container\" data-e-type=\"container\">\n\t\t\t\t<div class=\"elementor-element elementor-element-dc81c10 elementor-widget elementor-widget-heading\" data-id=\"dc81c10\" data-element_type=\"widget\" data-e-type=\"widget\" data-widget_type=\"heading.default\">\n\t\t\t\t<div class=\"elementor-widget-container\">\n\t\t\t\t\t<h3 class=\"elementor-heading-title elementor-size-default\">Promotion dans toute l'Europe<\/h3>\t\t\t\t<\/div>\n\t\t\t\t<\/div>\n\t\t\t\t<div class=\"elementor-element elementor-element-5ee75e6 elementor-widget elementor-widget-text-editor\" data-id=\"5ee75e6\" data-element_type=\"widget\" data-e-type=\"widget\" data-widget_type=\"text-editor.default\">\n\t\t\t\t<div class=\"elementor-widget-container\">\n\t\t\t\t\t\t\t\t\t<p>D\u00e8s que nous recevons un ordre de vente, nous prenons des photos, commen\u00e7ons \u00e0 r\u00e9diger un texte et mettons le bien en vente par l&rsquo;interm\u00e9diaire de nos canaux de vente. Tout cela se fait en quatre langues : fran\u00e7ais, allemand, anglais et n\u00e9erlandais. Outre la publication de l&rsquo;annonce sur nos propres sites web en France, en Belgique, en Allemagne et aux Pays-Bas, Azur Pavillon publiera des annonces dans divers magazines et la propri\u00e9t\u00e9 sera \u00e9galement propos\u00e9e \u00e0 la vente \u00e0 nos diff\u00e9rents partenaires collaborateurs en France, en Angleterre, en Scandinavie, aux Pays-Bas et en Belgique. Ceci se fera \u00e0 l&rsquo;aide des textes et photos fournis par Azur Pavillon.   <\/p>\n\t\t\t\t\t\t\t\t<\/div>\n\t\t\t\t<\/div>\n\t\t\t\t<\/div>\n\t\t<div class=\"elementor-element elementor-element-3130dfa e-con-full e-flex e-con e-parent\" data-id=\"3130dfa\" data-element_type=\"container\" data-e-type=\"container\">\n\t\t\t\t<div class=\"elementor-element elementor-element-734e779 elementor-widget elementor-widget-heading\" data-id=\"734e779\" data-element_type=\"widget\" data-e-type=\"widget\" data-widget_type=\"heading.default\">\n\t\t\t\t<div class=\"elementor-widget-container\">\n\t\t\t\t\t<h3 class=\"elementor-heading-title elementor-size-default\">Principaux avantages pour les propri\u00e9taires de la C\u00f4te d'Azur :<\/h3>\t\t\t\t<\/div>\n\t\t\t\t<\/div>\n\t\t\t\t<div class=\"elementor-element elementor-element-2c0e36c elementor-widget elementor-widget-text-editor\" data-id=\"2c0e36c\" data-element_type=\"widget\" data-e-type=\"widget\" data-widget_type=\"text-editor.default\">\n\t\t\t\t<div class=\"elementor-widget-container\">\n\t\t\t\t\t\t\t\t\t<ul>\n<li><strong>Expertise du march\u00e9 local :<\/strong> Notre connaissance approfondie de la C\u00f4te d&rsquo;Azur nous permet de comprendre la dynamique unique de la r\u00e9gion et de positionner votre propri\u00e9t\u00e9 de mani\u00e8re \u00e0 attirer les bons acheteurs.<\/li>\n<li><strong>Tailored Marketing:<\/strong> We develop bespoke marketing strategies that highlight your property\u2019s unique features and charm, reaching motivated buyers directly.<\/li>\n<li><strong>Expert Negotiation:<\/strong> With our experienced team on your side, you can expect professional handling of every step of the selling process.<\/li>\n<\/ul>\n\t\t\t\t\t\t\t\t<\/div>\n\t\t\t\t<\/div>\n\t\t\t\t<\/div>\n\t\t<div class=\"elementor-element elementor-element-d9ff854 e-con-full e-flex e-con e-parent\" data-id=\"d9ff854\" data-element_type=\"container\" data-e-type=\"container\">\n\t\t\t\t<div class=\"elementor-element elementor-element-568d3b1 elementor-widget elementor-widget-heading\" data-id=\"568d3b1\" data-element_type=\"widget\" data-e-type=\"widget\" data-widget_type=\"heading.default\">\n\t\t\t\t<div class=\"elementor-widget-container\">\n\t\t\t\t\t<h3 class=\"elementor-heading-title elementor-size-default\">Inspections obligatoires<\/h3>\t\t\t\t<\/div>\n\t\t\t\t<\/div>\n\t\t\t\t<div class=\"elementor-element elementor-element-98a9c23 elementor-widget elementor-widget-text-editor\" data-id=\"98a9c23\" data-element_type=\"widget\" data-e-type=\"widget\" data-widget_type=\"text-editor.default\">\n\t\t\t\t<div class=\"elementor-widget-container\">\n\t\t\t\t\t\t\t\t\t<p>Lors de la vente d&rsquo;un bien immobilier en France, le vendeur est tenu de faire r\u00e9aliser un certain nombre d&rsquo;inspections et d&rsquo;\u00e9tudes. Dans le cas des appartements et des maisons en copropri\u00e9t\u00e9, comme dans les domaines, les m\u00e8tres carr\u00e9s habitables doivent \u00eatre mesur\u00e9s. Les autres \u00ab\u00a0techniques de diagnostic\u00a0\u00bb et inspections comprennent : l&rsquo;inspection pour le plomb, l&rsquo;amiante, les raccordements au gaz, l&rsquo;\u00e9lectricit\u00e9, les termites, le raccordement au r\u00e9seau d&rsquo;\u00e9gouts, la consommation d&rsquo;\u00e9nergie et les risques naturels tels que les incendies de for\u00eat, les tremblements de terre, les inondations et d&rsquo;autres informations sur l&rsquo;environnement.  <\/p>\n\t\t\t\t\t\t\t\t<\/div>\n\t\t\t\t<\/div>\n\t\t\t\t<\/div>\n\t\t<div class=\"elementor-element elementor-element-e86cc2f e-con-full e-flex e-con e-parent\" data-id=\"e86cc2f\" data-element_type=\"container\" data-e-type=\"container\">\n\t\t\t\t<div class=\"elementor-element elementor-element-724f527 elementor-widget elementor-widget-heading\" data-id=\"724f527\" data-element_type=\"widget\" data-e-type=\"widget\" data-widget_type=\"heading.default\">\n\t\t\t\t<div class=\"elementor-widget-container\">\n\t\t\t\t\t<h3 class=\"elementor-heading-title elementor-size-default\">Notre support de vente comprend :<\/h3>\t\t\t\t<\/div>\n\t\t\t\t<\/div>\n\t\t\t\t<div class=\"elementor-element elementor-element-02baed7 elementor-widget elementor-widget-text-editor\" data-id=\"02baed7\" data-element_type=\"widget\" data-e-type=\"widget\" data-widget_type=\"text-editor.default\">\n\t\t\t\t<div class=\"elementor-widget-container\">\n\t\t\t\t\t\t\t\t\t<ul>\n<li><strong>Inspections obligatoires :<\/strong> Prise de rendez-vous pour les inspections obligatoires. Les rapports doivent \u00eatre r\u00e9dig\u00e9s par des sp\u00e9cialistes reconnus et doivent \u00eatre mis \u00e0 la disposition des acheteurs (potentiels) de la maison pour qu&rsquo;ils puissent les consulter. Il s&rsquo;agit d&rsquo;une obligation qui s&rsquo;applique \u00e0 chaque bien immobilier mis en vente.  <\/li>\n<li><strong>Une \u00e9valuation de la valeur de votre maison :<\/strong> Nous vous recommandons un prix de vente correct, \u00e9tay\u00e9 par des informations sur les ventes r\u00e9centes et l&rsquo;offre actuelle de biens comparables dans la r\u00e9gion.<\/li>\n<li><strong>Publicit\u00e9 via des sites web et des magazines en France et en Europe :<\/strong> Notre collaboration unique avec des partenaires dans toute l&rsquo;Europe offre de nombreux avantages au vendeur.<\/li>\n<\/ul>\n\t\t\t\t\t\t\t\t<\/div>\n\t\t\t\t<\/div>\n\t\t\t\t<\/div>\n\t\t<div class=\"elementor-element elementor-element-f700ee7 e-con-full e-flex e-con e-parent\" data-id=\"f700ee7\" data-element_type=\"container\" data-e-type=\"container\">\n\t\t\t\t<div class=\"elementor-element elementor-element-3fe3d09 elementor-widget elementor-widget-heading\" data-id=\"3fe3d09\" data-element_type=\"widget\" data-e-type=\"widget\" data-widget_type=\"heading.default\">\n\t\t\t\t<div class=\"elementor-widget-container\">\n\t\t\t\t\t<h3 class=\"elementor-heading-title elementor-size-default\">Pourquoi choisir Azur Pavillon ?<\/h3>\t\t\t\t<\/div>\n\t\t\t\t<\/div>\n\t\t\t\t<div class=\"elementor-element elementor-element-8c0a0e3 elementor-widget elementor-widget-text-editor\" data-id=\"8c0a0e3\" data-element_type=\"widget\" data-e-type=\"widget\" data-widget_type=\"text-editor.default\">\n\t\t\t\t<div class=\"elementor-widget-container\">\n\t\t\t\t\t\t\t\t\t<ul>\n<li><strong>Expertise locale :<\/strong> Astrid Segaar est Expert Immobilier et, en plus de la valeur du bien, elle et notre \u00e9quipe connaissent la C\u00f4te d&rsquo;Azur sur le bout des doigts.<\/li>\n<li><strong>Nous sommes profond\u00e9ment enracin\u00e9s dans la r\u00e9gion<\/strong> et comprenons son mode de vie unique et son march\u00e9 immobilier.<\/li>\n<li><strong>Un service personnalis\u00e9 :<\/strong> Contrairement \u00e0 de nombreuses grandes agences immobili\u00e8res et cha\u00eenes, nous sommes fiers de notre approche pratique. Nous organisons des visites personnelles et prenons le temps d&rsquo;informer l&rsquo;acheteur potentiel. En tant que vendeur, vous serez pleinement inform\u00e9 et mis au courant apr\u00e8s chaque visite.  <\/li>\n<li><strong>(Presque) toujours disponibles :<\/strong> Nous vivons et travaillons sur la C\u00f4te d&rsquo;Azur et sommes disponibles 7 jours sur 7. <\/li>\n<\/ul>\n\t\t\t\t\t\t\t\t<\/div>\n\t\t\t\t<\/div>\n\t\t\t\t<\/div>\n\t\t<div class=\"elementor-element elementor-element-4bf6d4e e-con-full e-flex e-con e-parent\" data-id=\"4bf6d4e\" data-element_type=\"container\" data-e-type=\"container\">\n\t\t\t\t<div class=\"elementor-element elementor-element-556bda3 elementor-widget elementor-widget-heading\" data-id=\"556bda3\" data-element_type=\"widget\" data-e-type=\"widget\" data-widget_type=\"heading.default\">\n\t\t\t\t<div class=\"elementor-widget-container\">\n\t\t\t\t\t<h3 class=\"elementor-heading-title elementor-size-default\">Prenez contact avec nous<\/h3>\t\t\t\t<\/div>\n\t\t\t\t<\/div>\n\t\t\t\t<div class=\"elementor-element elementor-element-297bb14 elementor-widget elementor-widget-text-editor\" data-id=\"297bb14\" data-element_type=\"widget\" data-e-type=\"widget\" data-widget_type=\"text-editor.default\">\n\t\t\t\t<div class=\"elementor-widget-container\">\n\t\t\t\t\t\t\t\t\t<p>Si vous poss\u00e9dez une propri\u00e9t\u00e9 sur la C\u00f4te d&rsquo;Azur et que vous souhaitez explorer son potentiel de vente ou de location de vacances, contactez Azur Pavillon d\u00e8s aujourd&rsquo;hui. Laissez-nous vous aider \u00e0 lib\u00e9rer la valeur totale de votre investissement gr\u00e2ce \u00e0 notre expertise \u00e9prouv\u00e9e et \u00e0 notre service local d\u00e9vou\u00e9. <\/p>\n<p><strong>Contactez nous :<\/strong><\/p>\n<ul>\n<li><strong>Email:<\/strong> <a rel=\"noopener\">info@azurpavillon.com<\/a><\/li>\n<li><strong>T\u00e9l\u00e9phone :<\/strong> +33 (0) 669 272 908<\/li>\n<\/ul>\n<p>D\u00e9couvrez comment Azur Pavillon peut faire une diff\u00e9rence significative dans le succ\u00e8s de votre projet immobilier sur la C\u00f4te d&rsquo;Azur.<\/p>\n\t\t\t\t\t\t\t\t<\/div>\n\t\t\t\t<\/div>\n\t\t\t\t<\/div>\n\t\t\t\t<\/div>\n\t\t","protected":false},"excerpt":{"rendered":"<p>Je poss\u00e8de une propri\u00e9t\u00e9 sur la C\u00f4te d&rsquo;Azur Vous poss\u00e9dez une propri\u00e9t\u00e9 sur la C\u00f4te d&rsquo;Azur ? Azur Pavillon serait ravi de discuter avec vous des possibilit\u00e9s de vente et de location offertes exclusivement dans cette r\u00e9gion spectaculaire. Promotion dans toute l&rsquo;Europe D\u00e8s que nous recevons un ordre de vente, nous prenons des photos, commen\u00e7ons [&hellip;]<\/p>\n","protected":false},"author":1,"featured_media":1264,"parent":0,"menu_order":0,"comment_status":"closed","ping_status":"closed","template":"","meta":{"_acf_changed":false,"footnotes":""},"class_list":["post-738","page","type-page","status-publish","has-post-thumbnail","hentry","entry"],"acf":[],"_links":{"self":[{"href":"https:\/\/azurpavillon.com\/fr\/wp-json\/wp\/v2\/pages\/738","targetHints":{"allow":["GET"]}}],"collection":[{"href":"https:\/\/azurpavillon.com\/fr\/wp-json\/wp\/v2\/pages"}],"about":[{"href":"https:\/\/azurpavillon.com\/fr\/wp-json\/wp\/v2\/types\/page"}],"author":[{"embeddable":true,"href":"https:\/\/azurpavillon.com\/fr\/wp-json\/wp\/v2\/users\/1"}],"replies":[{"embeddable":true,"href":"https:\/\/azurpavillon.com\/fr\/wp-json\/wp\/v2\/comments?post=738"}],"version-history":[{"count":4,"href":"https:\/\/azurpavillon.com\/fr\/wp-json\/wp\/v2\/pages\/738\/revisions"}],"predecessor-version":[{"id":1299,"href":"https:\/\/azurpavillon.com\/fr\/wp-json\/wp\/v2\/pages\/738\/revisions\/1299"}],"wp:featuredmedia":[{"embeddable":true,"href":"https:\/\/azurpavillon.com\/fr\/wp-json\/wp\/v2\/media\/1264"}],"wp:attachment":[{"href":"https:\/\/azurpavillon.com\/fr\/wp-json\/wp\/v2\/media?parent=738"}],"curies":[{"name":"wp","href":"https:\/\/api.w.org\/{rel}","templated":true}]}}