{"id":1130,"date":"2025-02-04T20:39:57","date_gmt":"2025-02-04T20:39:57","guid":{"rendered":"https:\/\/azurpavillon.com\/een-huis-kopen\/"},"modified":"2025-03-26T10:53:53","modified_gmt":"2025-03-26T10:53:53","slug":"een-huis-kopen","status":"publish","type":"page","link":"https:\/\/azurpavillon.com\/nl\/een-huis-kopen\/","title":{"rendered":"Woning Kopen"},"content":{"rendered":"\t\t<div data-elementor-type=\"wp-page\" data-elementor-id=\"1130\" class=\"elementor elementor-1130 elementor-482\">\n\t\t\t\t<div class=\"elementor-element elementor-element-75760af e-con-full e-flex e-con e-parent\" data-id=\"75760af\" data-element_type=\"container\" data-e-type=\"container\">\n\t\t\t\t<div class=\"elementor-element elementor-element-2c9b238 elementor-widget elementor-widget-heading\" data-id=\"2c9b238\" data-element_type=\"widget\" data-e-type=\"widget\" data-widget_type=\"heading.default\">\n\t\t\t\t<div class=\"elementor-widget-container\">\n\t\t\t\t\t<h3 class=\"elementor-heading-title elementor-size-default\">Koop uw eigendom in Frankrijk met Azur Pavillon<\/h3>\t\t\t\t<\/div>\n\t\t\t\t<\/div>\n\t\t\t\t<div class=\"elementor-element elementor-element-7ff8cf0 elementor-widget elementor-widget-text-editor\" data-id=\"7ff8cf0\" data-element_type=\"widget\" data-e-type=\"widget\" data-widget_type=\"text-editor.default\">\n\t\t\t\t<div class=\"elementor-widget-container\">\n\t\t\t\t\t\t\t\t\t<p>Ben je op zoek naar een woning in het prachtige kustgebied van de C\u00f4te d&#8217;Azur? Zoek niet verder dan Azur Pavillon &#8211; uw vertrouwde, lokale makelaarskantoor &#8220;Op Locatie&#8221; in het hart van Zuid-Frankrijk. Het heerlijke klimaat, de adembenemende natuur en de levendige cultuur maken deze regio tot een van de meest gewilde bestemmingen voor zowel huizenkopers als investeerders.  <\/p>\n\t\t\t\t\t\t\t\t<\/div>\n\t\t\t\t<\/div>\n\t\t\t\t<\/div>\n\t\t<div class=\"elementor-element elementor-element-b4a9fee e-con-full e-flex e-con e-parent\" data-id=\"b4a9fee\" data-element_type=\"container\" data-e-type=\"container\">\n\t\t\t\t<div class=\"elementor-element elementor-element-eb2f44c elementor-widget elementor-widget-heading\" data-id=\"eb2f44c\" data-element_type=\"widget\" data-e-type=\"widget\" data-widget_type=\"heading.default\">\n\t\t\t\t<div class=\"elementor-widget-container\">\n\t\t\t\t\t<h3 class=\"elementor-heading-title elementor-size-default\">Uw betrouwbare partner in Frans onroerend goed<\/h3>\t\t\t\t<\/div>\n\t\t\t\t<\/div>\n\t\t\t\t<div class=\"elementor-element elementor-element-ad71f22 elementor-widget elementor-widget-text-editor\" data-id=\"ad71f22\" data-element_type=\"widget\" data-e-type=\"widget\" data-widget_type=\"text-editor.default\">\n\t\t\t\t<div class=\"elementor-widget-container\">\n\t\t\t\t\t\t\t\t\t<p>Als geregistreerd Frans makelaar beschikken we over diepgaande kennis van de regio, de lokale markt en alle toepasselijke wetten en regels. Deze expertise zorgt ervoor dat je begeleiding van het hoogste niveau krijgt, vanaf de eerste aanvraag tot en met de sleuteloverdracht. Ons toegewijde team navigeert namens u door de fijne kneepjes van de Franse bureaucratie en zorgt zo voor een soepel en stressvrij transactieproces.  <\/p>\n\t\t\t\t\t\t\t\t<\/div>\n\t\t\t\t<\/div>\n\t\t\t\t<\/div>\n\t\t<div class=\"elementor-element elementor-element-aaf89e6 e-con-full e-flex e-con e-parent\" data-id=\"aaf89e6\" data-element_type=\"container\" data-e-type=\"container\">\n\t\t\t\t<div class=\"elementor-element elementor-element-413bd67 elementor-widget elementor-widget-heading\" data-id=\"413bd67\" data-element_type=\"widget\" data-e-type=\"widget\" data-widget_type=\"heading.default\">\n\t\t\t\t<div class=\"elementor-widget-container\">\n\t\t\t\t\t<h3 class=\"elementor-heading-title elementor-size-default\">Ervaar de Zuid-Franse levensstijl<\/h3>\t\t\t\t<\/div>\n\t\t\t\t<\/div>\n\t\t\t\t<div class=\"elementor-element elementor-element-e29b879 elementor-widget elementor-widget-text-editor\" data-id=\"e29b879\" data-element_type=\"widget\" data-e-type=\"widget\" data-widget_type=\"text-editor.default\">\n\t\t\t\t<div class=\"elementor-widget-container\">\n\t\t\t\t\t\t\t\t\t<p>Bij Azur Pavillon begrijpen wij dat de aankoop van een woning meer is dan alleen een investering &#8211; het is een keuze voor een levensstijl. Wonen en werken in deze betoverende regio stelt u in staat om een ontspannen levenstempo aan te nemen terwijl u elke dag geniet van de schoonheid van de C\u00f4te d&#8217;Azur. Ons team spreekt vloeiend meerdere talen en is ter plaatse gevestigd. Dit biedt je de geruststelling en het comfort dat je krijgt als je werkt met experts die het gebied echt begrijpen.  <\/p>\n\t\t\t\t\t\t\t\t<\/div>\n\t\t\t\t<\/div>\n\t\t\t\t<\/div>\n\t\t<div class=\"elementor-element elementor-element-af51b39 e-con-full e-flex e-con e-parent\" data-id=\"af51b39\" data-element_type=\"container\" data-e-type=\"container\">\n\t\t\t\t<div class=\"elementor-element elementor-element-358f2de elementor-widget elementor-widget-heading\" data-id=\"358f2de\" data-element_type=\"widget\" data-e-type=\"widget\" data-widget_type=\"heading.default\">\n\t\t\t\t<div class=\"elementor-widget-container\">\n\t\t\t\t\t<h3 class=\"elementor-heading-title elementor-size-default\">Uw lokale \"Op Locatie\" Vastgoed Experts<\/h3>\t\t\t\t<\/div>\n\t\t\t\t<\/div>\n\t\t\t\t<div class=\"elementor-element elementor-element-3c99bf4 elementor-widget elementor-widget-text-editor\" data-id=\"3c99bf4\" data-element_type=\"widget\" data-e-type=\"widget\" data-widget_type=\"text-editor.default\">\n\t\t\t\t<div class=\"elementor-widget-container\">\n\t\t\t\t\t\t\t\t\t<p>Onze persoonlijke benadering onderscheidt ons. Bij Azur Pavillon nemen we de tijd om u en uw vastgoedbehoeften te leren kennen. We bieden uitgebreide ondersteuning tijdens het hele proces &#8211; van de eerste zoektocht en bezichtigingen, de onderhandeling, alle fasen van de aankoop, tot en met de sleuteloverdracht. Dankzij onze aanwezigheid ter plaatse kun je er zeker van zijn dat je echt deskundig advies krijgt dat is afgestemd op jouw unieke vereisten.   <\/p>\n\t\t\t\t\t\t\t\t<\/div>\n\t\t\t\t<\/div>\n\t\t\t\t<\/div>\n\t\t<div class=\"elementor-element elementor-element-7e65233 e-con-full e-flex e-con e-parent\" data-id=\"7e65233\" data-element_type=\"container\" data-e-type=\"container\">\n\t\t\t\t<div class=\"elementor-element elementor-element-aed0fc3 elementor-widget elementor-widget-text-editor\" data-id=\"aed0fc3\" data-element_type=\"widget\" data-e-type=\"widget\" data-widget_type=\"text-editor.default\">\n\t\t\t\t<div class=\"elementor-widget-container\">\n\t\t\t\t\t\t\t\t\t<p data-start=\"0\" data-end=\"45\"><strong data-start=\"0\" data-end=\"43\">Beroepskaart 8303 2018 000 026 682<\/strong><\/p>\n<p data-start=\"47\" data-end=\"349\">Begeleiden bij de aankoop van onroerend goed kan, door Franse regels van samenwerken met de verkopende makelaar, zonder extra kosten zijn! Onze diensten omvatten het plannen van bezichtigingen, het geven van advies over het pand en de locatie, prijsonderhandelingen, inspectierapporten en het begeleiden van het hele juridische proces tot aan de uiteindelijke sleuteloverdracht. <\/p>\n<p data-start=\"351\" data-end=\"655\" data-is-last-node=\"\" data-is-only-node=\"\">Als voormalig Nederlands NVM-gecertificeerd makelaar, nu meer dan 15 jaar zelfstandig opererend aan de C\u00f4te d&#8217;Azur, brengen we meer dan 30 jaar ervaring mee. Ons werkgebied beslaat een reeks prijscategorie\u00ebn langs de C\u00f4te d&#8217;Azur, van Saint-Tropez tot Cannes, en strekt zich uit tot ongeveer 20 km landinwaarts. <\/p>\n<p>Ontdek ons uitgebreide vastgoedportfolio door onze <a href=\"http:\/\/astridsegaar-realestate.com\" rel=\"noopener\">Makelaars site<\/a> te bezoeken. Neem vandaag nog contact met ons op voor meer informatie of om te spreken met een van onze lokale vastgoedexperts.<\/p>\n<p><strong>Azur Pavillon: Uw contactpersoon op locatie in Zuid-Frankrijk.<\/strong><\/p>\n\t\t\t\t\t\t\t\t<\/div>\n\t\t\t\t<\/div>\n\t\t\t\t<\/div>\n\t\t\t\t<\/div>\n\t\t","protected":false},"excerpt":{"rendered":"<p>Koop uw eigendom in Frankrijk met Azur Pavillon Ben je op zoek naar een woning in het prachtige kustgebied van de C\u00f4te d&#8217;Azur? Zoek niet verder dan Azur Pavillon &#8211; uw vertrouwde, lokale makelaarskantoor &#8220;Op Locatie&#8221; in het hart van Zuid-Frankrijk. Het heerlijke klimaat, de adembenemende natuur en de levendige cultuur maken deze regio tot [&hellip;]<\/p>\n","protected":false},"author":1,"featured_media":1255,"parent":0,"menu_order":0,"comment_status":"closed","ping_status":"closed","template":"","meta":{"_acf_changed":false,"footnotes":""},"class_list":["post-1130","page","type-page","status-publish","has-post-thumbnail","hentry","entry"],"acf":[],"_links":{"self":[{"href":"https:\/\/azurpavillon.com\/nl\/wp-json\/wp\/v2\/pages\/1130","targetHints":{"allow":["GET"]}}],"collection":[{"href":"https:\/\/azurpavillon.com\/nl\/wp-json\/wp\/v2\/pages"}],"about":[{"href":"https:\/\/azurpavillon.com\/nl\/wp-json\/wp\/v2\/types\/page"}],"author":[{"embeddable":true,"href":"https:\/\/azurpavillon.com\/nl\/wp-json\/wp\/v2\/users\/1"}],"replies":[{"embeddable":true,"href":"https:\/\/azurpavillon.com\/nl\/wp-json\/wp\/v2\/comments?post=1130"}],"version-history":[{"count":11,"href":"https:\/\/azurpavillon.com\/nl\/wp-json\/wp\/v2\/pages\/1130\/revisions"}],"predecessor-version":[{"id":1237,"href":"https:\/\/azurpavillon.com\/nl\/wp-json\/wp\/v2\/pages\/1130\/revisions\/1237"}],"wp:featuredmedia":[{"embeddable":true,"href":"https:\/\/azurpavillon.com\/nl\/wp-json\/wp\/v2\/media\/1255"}],"wp:attachment":[{"href":"https:\/\/azurpavillon.com\/nl\/wp-json\/wp\/v2\/media?parent=1130"}],"curies":[{"name":"wp","href":"https:\/\/api.w.org\/{rel}","templated":true}]}}